{"id":3920,"date":"2018-02-13T09:52:56","date_gmt":"2018-02-13T08:52:56","guid":{"rendered":"http:\/\/www.hoteldaitalo.it\/hotel\/camere\/"},"modified":"2018-05-23T17:31:29","modified_gmt":"2018-05-23T15:31:29","slug":"zimmer","status":"publish","type":"page","link":"https:\/\/www.hoteldaitalo.it\/de\/hotel\/zimmer\/","title":{"rendered":"Zimmer"},"content":{"rendered":"<div id=\"pl-3920\"  class=\"panel-layout\" ><div id=\"pg-3920-0\"  class=\"panel-grid panel-has-style\" ><div class=\"siteorigin-panels-stretch panel-row-style panel-row-style-for-3920-0\" data-stretch-type=\"full\" ><div id=\"pgc-3920-0-0\"  class=\"panel-grid-cell\" ><div id=\"panel-3920-0-0-0\" class=\"so-panel widget widget_black-studio-tinymce widget_black_studio_tinymce panel-first-child panel-last-child\" data-index=\"0\" ><div class=\"panel-widget-style panel-widget-style-for-3920-0-0-0\" ><div class=\"textwidget\"><span><span><a href=\"https:\/\/www.hoteldaitalo.it\/de\/\">Home<\/a><\/span><\/span><\/div><\/div><\/div><\/div><\/div><\/div><div id=\"pg-3920-1\"  class=\"panel-grid panel-no-style\" ><div id=\"pgc-3920-1-0\"  class=\"panel-grid-cell\" ><div id=\"panel-3920-1-0-0\" class=\"so-panel widget widget_heading panel-first-child\" data-index=\"1\" ><div class=\"thim-widget-heading thim-widget-heading-base\"><div class=\"sc-heading article_heading wrapper-line-heading\"><h3 class=\"heading__primary\">Zimmer<\/h3><span class=\"line-heading\"><span><\/span><\/span><\/div><\/div><\/div><div id=\"panel-3920-1-0-1\" class=\"so-panel widget widget_black-studio-tinymce widget_black_studio_tinymce panel-last-child\" data-index=\"2\" ><div class=\"textwidget\"><p>Das Hotel bietet 20 modern eingerichtete Zimmer; Diese sind in verschiedene Arten zwischen Doppelzimmer und Dreibettzimmer, alle mit Direktwahltelefon, Sateliten-TV und eigenem Bad ausgestattet. Genie\u00dfen Sie das beeindruckende Panorama w\u00e4hrend dem entspannen. Die Zimmer sind mit Klimaanlage und Heizung, kostenlosem WLAN-Anschluss, Minibar und Haartrockner ausgestattet.<\/p>\n<p>Der Familienbetrieb des Hotels da Italo steht f\u00fcr Qualit\u00e4t und H\u00f6flichkeit und ist seit vielen Jahren in der Hotellerie mit Seriosit\u00e4t und Professionalit\u00e4t t\u00e4tig, dabei bieten sie ihren Kunden stets einen guten Service.<\/p>\n<\/div><\/div><\/div><\/div><div id=\"pg-3920-2\"  class=\"panel-grid panel-has-style\" ><div class=\"thim-gallery-box siteorigin-panels-stretch panel-row-style panel-row-style-for-3920-2\" data-stretch-type=\"full\" ><div id=\"pgc-3920-2-0\"  class=\"panel-grid-cell\" ><div id=\"panel-3920-2-0-0\" class=\"so-panel widget widget_gallery-images panel-first-child panel-last-child\" data-index=\"3\" ><div class=\"panel-widget-style panel-widget-style-for-3920-2-0-0\" ><div class=\"thim-widget-gallery-images thim-widget-gallery-images-base\"><div class=\"thim-gallery-images gallery-img \"><div class=\"item\"><img src =\"https:\/\/www.hoteldaitalo.it\/wp-content\/uploads\/gallery_camere_new_01.jpg\" width=\"1000\" height=\"600\" alt= \"Zimmer\" \/><\/div><div class=\"item\"><img src =\"https:\/\/www.hoteldaitalo.it\/wp-content\/uploads\/gallery_camere_new_15.jpg\" width=\"1000\" height=\"600\" alt= \"Zimmer\" \/><\/div><div class=\"item\"><img src =\"https:\/\/www.hoteldaitalo.it\/wp-content\/uploads\/gallery_camere_new_14.jpg\" width=\"1000\" height=\"600\" alt= \"Zimmer\" \/><\/div><div class=\"item\"><img src =\"https:\/\/www.hoteldaitalo.it\/wp-content\/uploads\/gallery_camere_new_13.jpg\" width=\"1000\" height=\"600\" alt= \"Zimmer\" \/><\/div><div class=\"item\"><img src =\"https:\/\/www.hoteldaitalo.it\/wp-content\/uploads\/gallery_camere_new_12.jpg\" width=\"1000\" height=\"600\" alt= \"Zimmer\" \/><\/div><div class=\"item\"><img src =\"https:\/\/www.hoteldaitalo.it\/wp-content\/uploads\/gallery_camere_new_11.jpg\" width=\"1000\" height=\"600\" alt= \"Zimmer\" \/><\/div><div class=\"item\"><img src =\"https:\/\/www.hoteldaitalo.it\/wp-content\/uploads\/gallery_camere_new_10.jpg\" width=\"1000\" height=\"600\" alt= \"Zimmer\" \/><\/div><div class=\"item\"><img src =\"https:\/\/www.hoteldaitalo.it\/wp-content\/uploads\/gallery_camere_new_09.jpg\" width=\"1000\" height=\"600\" alt= \"Zimmer\" \/><\/div><div class=\"item\"><img src =\"https:\/\/www.hoteldaitalo.it\/wp-content\/uploads\/gallery_camere_new_08.jpg\" width=\"1000\" height=\"600\" alt= \"Zimmer\" \/><\/div><div class=\"item\"><img src =\"https:\/\/www.hoteldaitalo.it\/wp-content\/uploads\/gallery_camere_new_07.jpg\" width=\"1000\" height=\"600\" alt= \"Zimmer\" \/><\/div><div class=\"item\"><img src =\"https:\/\/www.hoteldaitalo.it\/wp-content\/uploads\/gallery_camere_new_06.jpg\" width=\"1000\" height=\"600\" alt= \"Zimmer\" \/><\/div><div class=\"item\"><img src =\"https:\/\/www.hoteldaitalo.it\/wp-content\/uploads\/gallery_camere_new_05.jpg\" width=\"1000\" height=\"600\" alt= \"Zimmer\" \/><\/div><div class=\"item\"><img src =\"https:\/\/www.hoteldaitalo.it\/wp-content\/uploads\/gallery_camere_new_04.jpg\" width=\"1000\" height=\"600\" alt= \"Zimmer\" \/><\/div><div class=\"item\"><img src =\"https:\/\/www.hoteldaitalo.it\/wp-content\/uploads\/gallery_camere_new_03.jpg\" width=\"1000\" height=\"600\" alt= \"Zimmer\" \/><\/div><div class=\"item\"><img src =\"https:\/\/www.hoteldaitalo.it\/wp-content\/uploads\/gallery_camere_new_02.jpg\" width=\"1000\" height=\"600\" alt= \"Zimmer\" \/><\/div><\/div><\/div><\/div><\/div><\/div><\/div><\/div><\/div>","protected":false},"excerpt":{"rendered":"<p>Das Hotel bietet 20 modern eingerichtete Zimmer; Diese sind in verschiedene Arten zwischen Doppelzimmer und Dreibettzimmer, alle mit Direktwahltelefon, Sateliten-TV [&hellip;]<\/p>\n","protected":false},"author":1,"featured_media":0,"parent":3912,"menu_order":1,"comment_status":"closed","ping_status":"closed","template":"","meta":{"_joinchat":[],"footnotes":""},"class_list":["post-3920","page","type-page","status-publish","hentry"],"yoast_head":"<!-- This site is optimized with the Yoast SEO plugin v24.0 - https:\/\/yoast.com\/wordpress\/plugins\/seo\/ -->\n<title>Zimmer, Hotel da Italo, Seccheto, Insel Elba<\/title>\n<meta name=\"description\" content=\"Das Hotel bietet 20 modern eingerichtete Zimmer; Diese sind in verschiedene Arten zwischen Doppelzimmer und Dreibettzimmer, alle mit Direktwahltelefon, Sateliten-TV und eigenem Bad ausgestattet. Genie\u00dfen Sie das beeindruckende Panorama w\u00e4hrend dem entspannen.\" \/>\n<meta name=\"robots\" content=\"index, follow, max-snippet:-1, max-image-preview:large, max-video-preview:-1\" \/>\n<link rel=\"canonical\" href=\"https:\/\/www.hoteldaitalo.it\/de\/hotel\/zimmer\/\" \/>\n<meta property=\"og:locale\" content=\"de_DE\" \/>\n<meta property=\"og:type\" content=\"article\" \/>\n<meta property=\"og:title\" content=\"Zimmer, Hotel da Italo, Seccheto, Insel Elba\" \/>\n<meta property=\"og:description\" content=\"Das Hotel bietet 20 modern eingerichtete Zimmer; Diese sind in verschiedene Arten zwischen Doppelzimmer und Dreibettzimmer, alle mit Direktwahltelefon, Sateliten-TV und eigenem Bad ausgestattet. Genie\u00dfen Sie das beeindruckende Panorama w\u00e4hrend dem entspannen.\" \/>\n<meta property=\"og:url\" content=\"https:\/\/www.hoteldaitalo.it\/de\/hotel\/zimmer\/\" \/>\n<meta property=\"og:site_name\" content=\"Hotel da Italo\" \/>\n<meta property=\"article:publisher\" content=\"https:\/\/www.facebook.com\/hoteldaitalo.it\/\" \/>\n<meta property=\"article:modified_time\" content=\"2018-05-23T15:31:29+00:00\" \/>\n<meta property=\"og:image\" content=\"https:\/\/www.hoteldaitalo.it\/wp-content\/uploads\/header_home_01.jpg\" \/>\n\t<meta property=\"og:image:width\" content=\"1600\" \/>\n\t<meta property=\"og:image:height\" content=\"974\" \/>\n\t<meta property=\"og:image:type\" content=\"image\/jpeg\" \/>\n<meta name=\"twitter:card\" content=\"summary_large_image\" \/>\n<meta name=\"twitter:label1\" content=\"Gesch\u00e4tzte Lesezeit\" \/>\n\t<meta name=\"twitter:data1\" content=\"1\u00a0Minute\" \/>\n<script type=\"application\/ld+json\" class=\"yoast-schema-graph\">{\"@context\":\"https:\/\/schema.org\",\"@graph\":[{\"@type\":\"WebPage\",\"@id\":\"https:\/\/www.hoteldaitalo.it\/de\/hotel\/zimmer\/\",\"url\":\"https:\/\/www.hoteldaitalo.it\/de\/hotel\/zimmer\/\",\"name\":\"Zimmer, Hotel da Italo, Seccheto, Insel Elba\",\"isPartOf\":{\"@id\":\"https:\/\/www.hoteldaitalo.it\/de\/#website\"},\"datePublished\":\"2018-02-13T08:52:56+00:00\",\"dateModified\":\"2018-05-23T15:31:29+00:00\",\"description\":\"Das Hotel bietet 20 modern eingerichtete Zimmer; Diese sind in verschiedene Arten zwischen Doppelzimmer und Dreibettzimmer, alle mit Direktwahltelefon, Sateliten-TV und eigenem Bad ausgestattet. Genie\u00dfen Sie das beeindruckende Panorama w\u00e4hrend dem entspannen.\",\"breadcrumb\":{\"@id\":\"https:\/\/www.hoteldaitalo.it\/de\/hotel\/zimmer\/#breadcrumb\"},\"inLanguage\":\"de\",\"potentialAction\":[{\"@type\":\"ReadAction\",\"target\":[\"https:\/\/www.hoteldaitalo.it\/de\/hotel\/zimmer\/\"]}]},{\"@type\":\"BreadcrumbList\",\"@id\":\"https:\/\/www.hoteldaitalo.it\/de\/hotel\/zimmer\/#breadcrumb\",\"itemListElement\":[{\"@type\":\"ListItem\",\"position\":1,\"name\":\"Home\",\"item\":\"https:\/\/www.hoteldaitalo.it\/de\/\"},{\"@type\":\"ListItem\",\"position\":2,\"name\":\"Hotel\",\"item\":\"https:\/\/www.hoteldaitalo.it\/de\/hotel\/\"},{\"@type\":\"ListItem\",\"position\":3,\"name\":\"Zimmer\"}]},{\"@type\":\"WebSite\",\"@id\":\"https:\/\/www.hoteldaitalo.it\/de\/#website\",\"url\":\"https:\/\/www.hoteldaitalo.it\/de\/\",\"name\":\"Hotel da Italo\",\"description\":\"Hotel a Secchetto all&#039;Isola d&#039;Elba\",\"potentialAction\":[{\"@type\":\"SearchAction\",\"target\":{\"@type\":\"EntryPoint\",\"urlTemplate\":\"https:\/\/www.hoteldaitalo.it\/de\/?s={search_term_string}\"},\"query-input\":{\"@type\":\"PropertyValueSpecification\",\"valueRequired\":true,\"valueName\":\"search_term_string\"}}],\"inLanguage\":\"de\"}]}<\/script>\n<!-- \/ Yoast SEO plugin. -->","yoast_head_json":{"title":"Zimmer, Hotel da Italo, Seccheto, Insel Elba","description":"Das Hotel bietet 20 modern eingerichtete Zimmer; Diese sind in verschiedene Arten zwischen Doppelzimmer und Dreibettzimmer, alle mit Direktwahltelefon, Sateliten-TV und eigenem Bad ausgestattet. Genie\u00dfen Sie das beeindruckende Panorama w\u00e4hrend dem entspannen.","robots":{"index":"index","follow":"follow","max-snippet":"max-snippet:-1","max-image-preview":"max-image-preview:large","max-video-preview":"max-video-preview:-1"},"canonical":"https:\/\/www.hoteldaitalo.it\/de\/hotel\/zimmer\/","og_locale":"de_DE","og_type":"article","og_title":"Zimmer, Hotel da Italo, Seccheto, Insel Elba","og_description":"Das Hotel bietet 20 modern eingerichtete Zimmer; Diese sind in verschiedene Arten zwischen Doppelzimmer und Dreibettzimmer, alle mit Direktwahltelefon, Sateliten-TV und eigenem Bad ausgestattet. Genie\u00dfen Sie das beeindruckende Panorama w\u00e4hrend dem entspannen.","og_url":"https:\/\/www.hoteldaitalo.it\/de\/hotel\/zimmer\/","og_site_name":"Hotel da Italo","article_publisher":"https:\/\/www.facebook.com\/hoteldaitalo.it\/","article_modified_time":"2018-05-23T15:31:29+00:00","og_image":[{"width":1600,"height":974,"url":"https:\/\/www.hoteldaitalo.it\/wp-content\/uploads\/header_home_01.jpg","type":"image\/jpeg"}],"twitter_card":"summary_large_image","twitter_misc":{"Gesch\u00e4tzte Lesezeit":"1\u00a0Minute"},"schema":{"@context":"https:\/\/schema.org","@graph":[{"@type":"WebPage","@id":"https:\/\/www.hoteldaitalo.it\/de\/hotel\/zimmer\/","url":"https:\/\/www.hoteldaitalo.it\/de\/hotel\/zimmer\/","name":"Zimmer, Hotel da Italo, Seccheto, Insel Elba","isPartOf":{"@id":"https:\/\/www.hoteldaitalo.it\/de\/#website"},"datePublished":"2018-02-13T08:52:56+00:00","dateModified":"2018-05-23T15:31:29+00:00","description":"Das Hotel bietet 20 modern eingerichtete Zimmer; Diese sind in verschiedene Arten zwischen Doppelzimmer und Dreibettzimmer, alle mit Direktwahltelefon, Sateliten-TV und eigenem Bad ausgestattet. Genie\u00dfen Sie das beeindruckende Panorama w\u00e4hrend dem entspannen.","breadcrumb":{"@id":"https:\/\/www.hoteldaitalo.it\/de\/hotel\/zimmer\/#breadcrumb"},"inLanguage":"de","potentialAction":[{"@type":"ReadAction","target":["https:\/\/www.hoteldaitalo.it\/de\/hotel\/zimmer\/"]}]},{"@type":"BreadcrumbList","@id":"https:\/\/www.hoteldaitalo.it\/de\/hotel\/zimmer\/#breadcrumb","itemListElement":[{"@type":"ListItem","position":1,"name":"Home","item":"https:\/\/www.hoteldaitalo.it\/de\/"},{"@type":"ListItem","position":2,"name":"Hotel","item":"https:\/\/www.hoteldaitalo.it\/de\/hotel\/"},{"@type":"ListItem","position":3,"name":"Zimmer"}]},{"@type":"WebSite","@id":"https:\/\/www.hoteldaitalo.it\/de\/#website","url":"https:\/\/www.hoteldaitalo.it\/de\/","name":"Hotel da Italo","description":"Hotel a Secchetto all&#039;Isola d&#039;Elba","potentialAction":[{"@type":"SearchAction","target":{"@type":"EntryPoint","urlTemplate":"https:\/\/www.hoteldaitalo.it\/de\/?s={search_term_string}"},"query-input":{"@type":"PropertyValueSpecification","valueRequired":true,"valueName":"search_term_string"}}],"inLanguage":"de"}]}},"_links":{"self":[{"href":"https:\/\/www.hoteldaitalo.it\/de\/wp-json\/wp\/v2\/pages\/3920","targetHints":{"allow":["GET"]}}],"collection":[{"href":"https:\/\/www.hoteldaitalo.it\/de\/wp-json\/wp\/v2\/pages"}],"about":[{"href":"https:\/\/www.hoteldaitalo.it\/de\/wp-json\/wp\/v2\/types\/page"}],"author":[{"embeddable":true,"href":"https:\/\/www.hoteldaitalo.it\/de\/wp-json\/wp\/v2\/users\/1"}],"replies":[{"embeddable":true,"href":"https:\/\/www.hoteldaitalo.it\/de\/wp-json\/wp\/v2\/comments?post=3920"}],"version-history":[{"count":5,"href":"https:\/\/www.hoteldaitalo.it\/de\/wp-json\/wp\/v2\/pages\/3920\/revisions"}],"predecessor-version":[{"id":4327,"href":"https:\/\/www.hoteldaitalo.it\/de\/wp-json\/wp\/v2\/pages\/3920\/revisions\/4327"}],"up":[{"embeddable":true,"href":"https:\/\/www.hoteldaitalo.it\/de\/wp-json\/wp\/v2\/pages\/3912"}],"wp:attachment":[{"href":"https:\/\/www.hoteldaitalo.it\/de\/wp-json\/wp\/v2\/media?parent=3920"}],"curies":[{"name":"wp","href":"https:\/\/api.w.org\/{rel}","templated":true}]}}