{"id":3933,"date":"2018-02-13T17:26:36","date_gmt":"2018-02-13T16:26:36","guid":{"rendered":"http:\/\/www.hoteldaitalo.it\/hotel\/servizi-e-convenzioni\/"},"modified":"2025-05-23T09:25:07","modified_gmt":"2025-05-23T07:25:07","slug":"dienstleistungen-und-verbilligungen","status":"publish","type":"page","link":"https:\/\/www.hoteldaitalo.it\/de\/hotel\/dienstleistungen-und-verbilligungen\/","title":{"rendered":"Dienstleistungen und Verbilligungen"},"content":{"rendered":"<div id=\"pl-3933\"  class=\"panel-layout\" ><div id=\"pg-3933-0\"  class=\"panel-grid panel-has-style\" ><div class=\"siteorigin-panels-stretch panel-row-style panel-row-style-for-3933-0\" data-stretch-type=\"full\" ><div id=\"pgc-3933-0-0\"  class=\"panel-grid-cell\" ><div id=\"panel-3933-0-0-0\" class=\"so-panel widget widget_black-studio-tinymce widget_black_studio_tinymce panel-first-child panel-last-child\" data-index=\"0\" ><div class=\"panel-widget-style panel-widget-style-for-3933-0-0-0\" ><div class=\"textwidget\"><span><span><a href=\"https:\/\/www.hoteldaitalo.it\/de\/\">Home<\/a><\/span><\/span><\/div><\/div><\/div><\/div><\/div><\/div><div id=\"pg-3933-1\"  class=\"panel-grid panel-no-style\" ><div id=\"pgc-3933-1-0\"  class=\"panel-grid-cell\" ><div id=\"panel-3933-1-0-0\" class=\"so-panel widget widget_heading panel-first-child panel-last-child\" data-index=\"1\" ><div class=\"thim-widget-heading thim-widget-heading-base\"><div class=\"sc-heading article_heading wrapper-line-heading\"><h3 class=\"heading__primary\">Dienstleistungen und Verbilligungen<\/h3><span class=\"line-heading\"><span><\/span><\/span><\/div><\/div><\/div><\/div><\/div><div id=\"pg-3933-2\"  class=\"panel-grid panel-no-style\" ><div id=\"pgc-3933-2-0\"  class=\"panel-grid-cell\" ><div id=\"panel-3933-2-0-0\" class=\"so-panel widget widget_black-studio-tinymce widget_black_studio_tinymce panel-first-child panel-last-child\" data-index=\"2\" ><div class=\"textwidget\"><h5>Hoteldienstleistungen<\/h5>\n<ul>\n<li>Bar<\/li>\n<li>Panoramaterrasse mit Meerblick<\/li>\n<li>Klimatisierter Fr\u00fchst\u00fccksaal<\/li>\n<li>Fr\u00fchst\u00fccksbuffet<\/li>\n<li>Privater Parkplatz<\/li>\n<li>Kostenloses Wi-Fi<\/li>\n<li>Sonnenschirme und Liegest\u00fchle f\u00fcr unsere Kunden<\/li>\n<\/ul>\n<\/div><\/div><\/div><div id=\"pgc-3933-2-1\"  class=\"panel-grid-cell\" ><div id=\"panel-3933-2-1-0\" class=\"so-panel widget widget_black-studio-tinymce widget_black_studio_tinymce panel-first-child panel-last-child\" data-index=\"3\" ><div class=\"textwidget\"><h5>Zimmerservice<\/h5>\n<ul>\n<li>Kostenloses Wi-Fi<\/li>\n<li>Sateliten-TV<\/li>\n<li>Minibar<\/li>\n<li>Haartrockner<\/li>\n<li>Direktes Telefon<\/li>\n<li>Klimaanlage<\/li>\n<li>Heizung<\/li>\n<li>Private Dienstleistungen<\/li>\n<\/ul>\n<\/div><\/div><\/div><\/div><div id=\"pg-3933-3\"  class=\"panel-grid panel-no-style\" ><div id=\"pgc-3933-3-0\"  class=\"panel-grid-cell\" ><div id=\"panel-3933-3-0-0\" class=\"so-panel widget widget_black-studio-tinymce widget_black_studio_tinymce panel-first-child panel-last-child\" data-index=\"4\" ><div class=\"textwidget\"><h5>Verbilligungen<\/h5>\n<ul>\n<li>Ristor. \u201cCalamara\u201d, Fetovaia - 393 7168555 - 10% Rabatt<\/li>\n<li>\u201cLa Baracchina\u201d, spiaggia Seccheto - 0565 987072 - 10% Rabatt<\/li>\n<li>Ristor. \u201cVecchio Forno\u201d, Seccheto - 328 9019997 - 10% Rabatt<\/li>\n<li>Ristor. Pizzeria \u201cIl Timone\u201d, Campo all\u2019Aia (Procchio) - 0565 473495 - 10% Rabatt<\/li>\n<li>Selfservice \u201cIl Convio La Cucina\u201d, spiaggia di Cavoli - 0565 987010 - 10% Rabatt<\/li>\n<li>Ristor. Pizzeria \u201cL\u2019Approdo - Marina di Campo - 0565 977459 - 10% Rabatt<\/li>\n<li>Ristor. Pizzeria \u201cLa Rustica\u201d, Marina di Campo - 0565 977568 - 10% Rabatt<\/li>\n<li>Ristor. Pizzeria \u201cBologna\u201d, Marina di Campo - 0565 976105 - 10% Rabatt<\/li>\n<li>Ristor. Pizzeria \u201cIl Golfo\u201d, Marina di Campo - 0565 977228 - 10% Rabatt<\/li>\n<li>Ristor. Pizzeria \u201cL\u2019Aragosta\u201d, Marina di Campo - 0565 977131 - 10% Rabatt<\/li>\n<li>Ristor. Pizzeria \u201cCacio e Vino, San Piero - 0565 983351 - 10% Rabatt<\/li>\n<li>Ristor. Pizzeria \u201cL\u2019Ottavo\u201d, San Piero - 331 7449496 - 10% Rabatt<\/li>\n<li>Ristor. Pizzeria \u201cFreccia Azzurra\u201d, Capoliveri - 0565 967020 - 10% Rabatt<\/li>\n<li>Ristorante \u201cRendez-Vous\u201d, Marciana Marina - 0565 99251 - 10% Rabatt<\/li>\n<li>Ristorante \u201cPanigacci\u201d, Valdana (Capoliveri) - 366 1200793 - 10% Rabatt<\/li>\n<li>Ristorante \u201cDa Gianni\u201d, Portoferraio - 0565 930976 - 10% Rabatt<\/li>\n<li>Ristor. Pizzeria \u201cLa Risacca\u201d, Porto Azzurro - 0565 920092 - 10% Rabatt<\/li>\n<li>Ristor. Pizzeria \u201cLa Cantina del mare\u201d, Marina di Campo - 0565 976914 - 10% Rabatt<\/li>\n<\/ul>\n<\/div><\/div><\/div><\/div><div id=\"pg-3933-4\"  class=\"panel-grid panel-has-style\" ><div class=\"thim-gallery-box siteorigin-panels-stretch panel-row-style panel-row-style-for-3933-4\" data-stretch-type=\"full\" ><div id=\"pgc-3933-4-0\"  class=\"panel-grid-cell\" ><div id=\"panel-3933-4-0-0\" class=\"so-panel widget widget_gallery-images panel-first-child panel-last-child\" data-index=\"5\" ><div class=\"panel-widget-style panel-widget-style-for-3933-4-0-0\" ><div class=\"thim-widget-gallery-images thim-widget-gallery-images-base\"><div class=\"thim-gallery-images gallery-img \"><div class=\"item\"><img src =\"https:\/\/www.hoteldaitalo.it\/wp-content\/uploads\/gallery_servizi_10.jpg\" width=\"1000\" height=\"600\" alt= \"Dienstleistungen und Verbilligungen\" \/><\/div><div class=\"item\"><img src =\"https:\/\/www.hoteldaitalo.it\/wp-content\/uploads\/gallery_servizi_02_new.jpg\" width=\"1000\" height=\"600\" alt= \"Dienstleistungen und Verbilligungen\" \/><\/div><div class=\"item\"><img src =\"https:\/\/www.hoteldaitalo.it\/wp-content\/uploads\/gallery_servizi_03_new.jpg\" width=\"1000\" height=\"600\" alt= \"Dienstleistungen und Verbilligungen\" \/><\/div><div class=\"item\"><img src =\"https:\/\/www.hoteldaitalo.it\/wp-content\/uploads\/gallery_servizi_04_new.jpg\" width=\"1000\" height=\"600\" alt= \"Dienstleistungen und Verbilligungen\" \/><\/div><div class=\"item\"><img src =\"https:\/\/www.hoteldaitalo.it\/wp-content\/uploads\/gallery_servizi_07_new.jpg\" width=\"1000\" height=\"600\" alt= \"Dienstleistungen und Verbilligungen\" \/><\/div><div class=\"item\"><img src =\"https:\/\/www.hoteldaitalo.it\/wp-content\/uploads\/gallery_servizi_08_new.jpg\" width=\"1000\" height=\"600\" alt= \"Dienstleistungen und Verbilligungen\" \/><\/div><\/div><\/div><\/div><\/div><\/div><\/div><\/div><\/div>","protected":false},"excerpt":{"rendered":"<p>HomeDienstleistungen und VerbilligungenHoteldienstleistungen<\/p>\n<p>Bar<br \/>\nPanoramaterrasse mit Meerblick<br \/>\nKlimatisierter Fr\u00fchst\u00fccksaal<br \/>\nFr\u00fchst\u00fccksbuffet<br \/>\nPrivater Parkplatz<br \/>\nKostenloses Wi-Fi<br \/>\nSonnenschirme und Liegest\u00fchle f\u00fcr unsere <\/p>\n","protected":false},"author":1,"featured_media":0,"parent":3912,"menu_order":3,"comment_status":"closed","ping_status":"closed","template":"","meta":{"_joinchat":[],"footnotes":""},"class_list":["post-3933","page","type-page","status-publish","hentry"],"yoast_head":"<!-- This site is optimized with the Yoast SEO plugin v24.0 - https:\/\/yoast.com\/wordpress\/plugins\/seo\/ -->\n<title>Dienstleistungen und Verbilligungen, Hotel da Italo, Seccheto, Insel Elba<\/title>\n<meta name=\"description\" content=\"Hoteldienstleistungen: Bar, Panoramaterrasse mit Meerblick, Klimatisierter Fr\u00fchst\u00fccksaal, Fr\u00fchst\u00fccksbuffet, Privater Parkplatz Kostenloses Wi-Fi, Sonnenschirme und Liegest\u00fchle f\u00fcr unsere Kunden.\" \/>\n<meta name=\"robots\" content=\"index, follow, max-snippet:-1, max-image-preview:large, max-video-preview:-1\" \/>\n<link rel=\"canonical\" href=\"https:\/\/www.hoteldaitalo.it\/de\/hotel\/dienstleistungen-und-verbilligungen\/\" \/>\n<meta property=\"og:locale\" content=\"de_DE\" \/>\n<meta property=\"og:type\" content=\"article\" \/>\n<meta property=\"og:title\" content=\"Dienstleistungen und Verbilligungen, Hotel da Italo, Seccheto, Insel Elba\" \/>\n<meta property=\"og:description\" content=\"Hoteldienstleistungen: Bar, Panoramaterrasse mit Meerblick, Klimatisierter Fr\u00fchst\u00fccksaal, Fr\u00fchst\u00fccksbuffet, Privater Parkplatz Kostenloses Wi-Fi, Sonnenschirme und Liegest\u00fchle f\u00fcr unsere Kunden.\" \/>\n<meta property=\"og:url\" content=\"https:\/\/www.hoteldaitalo.it\/de\/hotel\/dienstleistungen-und-verbilligungen\/\" \/>\n<meta property=\"og:site_name\" content=\"Hotel da Italo\" \/>\n<meta property=\"article:publisher\" content=\"https:\/\/www.facebook.com\/hoteldaitalo.it\/\" \/>\n<meta property=\"article:modified_time\" content=\"2025-05-23T07:25:07+00:00\" \/>\n<meta property=\"og:image\" content=\"https:\/\/www.hoteldaitalo.it\/wp-content\/uploads\/header_home_01.jpg\" \/>\n\t<meta property=\"og:image:width\" content=\"1600\" \/>\n\t<meta property=\"og:image:height\" content=\"974\" \/>\n\t<meta property=\"og:image:type\" content=\"image\/jpeg\" \/>\n<meta name=\"twitter:card\" content=\"summary_large_image\" \/>\n<meta name=\"twitter:label1\" content=\"Gesch\u00e4tzte Lesezeit\" \/>\n\t<meta name=\"twitter:data1\" content=\"3\u00a0Minuten\" \/>\n<script type=\"application\/ld+json\" class=\"yoast-schema-graph\">{\"@context\":\"https:\/\/schema.org\",\"@graph\":[{\"@type\":\"WebPage\",\"@id\":\"https:\/\/www.hoteldaitalo.it\/de\/hotel\/dienstleistungen-und-verbilligungen\/\",\"url\":\"https:\/\/www.hoteldaitalo.it\/de\/hotel\/dienstleistungen-und-verbilligungen\/\",\"name\":\"Dienstleistungen und Verbilligungen, Hotel da Italo, Seccheto, Insel Elba\",\"isPartOf\":{\"@id\":\"https:\/\/www.hoteldaitalo.it\/de\/#website\"},\"datePublished\":\"2018-02-13T16:26:36+00:00\",\"dateModified\":\"2025-05-23T07:25:07+00:00\",\"description\":\"Hoteldienstleistungen: Bar, Panoramaterrasse mit Meerblick, Klimatisierter Fr\u00fchst\u00fccksaal, Fr\u00fchst\u00fccksbuffet, Privater Parkplatz Kostenloses Wi-Fi, Sonnenschirme und Liegest\u00fchle f\u00fcr unsere Kunden.\",\"breadcrumb\":{\"@id\":\"https:\/\/www.hoteldaitalo.it\/de\/hotel\/dienstleistungen-und-verbilligungen\/#breadcrumb\"},\"inLanguage\":\"de\",\"potentialAction\":[{\"@type\":\"ReadAction\",\"target\":[\"https:\/\/www.hoteldaitalo.it\/de\/hotel\/dienstleistungen-und-verbilligungen\/\"]}]},{\"@type\":\"BreadcrumbList\",\"@id\":\"https:\/\/www.hoteldaitalo.it\/de\/hotel\/dienstleistungen-und-verbilligungen\/#breadcrumb\",\"itemListElement\":[{\"@type\":\"ListItem\",\"position\":1,\"name\":\"Home\",\"item\":\"https:\/\/www.hoteldaitalo.it\/de\/\"},{\"@type\":\"ListItem\",\"position\":2,\"name\":\"Hotel\",\"item\":\"https:\/\/www.hoteldaitalo.it\/de\/hotel\/\"},{\"@type\":\"ListItem\",\"position\":3,\"name\":\"Dienstleistungen und Verbilligungen\"}]},{\"@type\":\"WebSite\",\"@id\":\"https:\/\/www.hoteldaitalo.it\/de\/#website\",\"url\":\"https:\/\/www.hoteldaitalo.it\/de\/\",\"name\":\"Hotel da Italo\",\"description\":\"Hotel a Secchetto all&#039;Isola d&#039;Elba\",\"potentialAction\":[{\"@type\":\"SearchAction\",\"target\":{\"@type\":\"EntryPoint\",\"urlTemplate\":\"https:\/\/www.hoteldaitalo.it\/de\/?s={search_term_string}\"},\"query-input\":{\"@type\":\"PropertyValueSpecification\",\"valueRequired\":true,\"valueName\":\"search_term_string\"}}],\"inLanguage\":\"de\"}]}<\/script>\n<!-- \/ Yoast SEO plugin. -->","yoast_head_json":{"title":"Dienstleistungen und Verbilligungen, Hotel da Italo, Seccheto, Insel Elba","description":"Hoteldienstleistungen: Bar, Panoramaterrasse mit Meerblick, Klimatisierter Fr\u00fchst\u00fccksaal, Fr\u00fchst\u00fccksbuffet, Privater Parkplatz Kostenloses Wi-Fi, Sonnenschirme und Liegest\u00fchle f\u00fcr unsere Kunden.","robots":{"index":"index","follow":"follow","max-snippet":"max-snippet:-1","max-image-preview":"max-image-preview:large","max-video-preview":"max-video-preview:-1"},"canonical":"https:\/\/www.hoteldaitalo.it\/de\/hotel\/dienstleistungen-und-verbilligungen\/","og_locale":"de_DE","og_type":"article","og_title":"Dienstleistungen und Verbilligungen, Hotel da Italo, Seccheto, Insel Elba","og_description":"Hoteldienstleistungen: Bar, Panoramaterrasse mit Meerblick, Klimatisierter Fr\u00fchst\u00fccksaal, Fr\u00fchst\u00fccksbuffet, Privater Parkplatz Kostenloses Wi-Fi, Sonnenschirme und Liegest\u00fchle f\u00fcr unsere Kunden.","og_url":"https:\/\/www.hoteldaitalo.it\/de\/hotel\/dienstleistungen-und-verbilligungen\/","og_site_name":"Hotel da Italo","article_publisher":"https:\/\/www.facebook.com\/hoteldaitalo.it\/","article_modified_time":"2025-05-23T07:25:07+00:00","og_image":[{"width":1600,"height":974,"url":"https:\/\/www.hoteldaitalo.it\/wp-content\/uploads\/header_home_01.jpg","type":"image\/jpeg"}],"twitter_card":"summary_large_image","twitter_misc":{"Gesch\u00e4tzte Lesezeit":"3\u00a0Minuten"},"schema":{"@context":"https:\/\/schema.org","@graph":[{"@type":"WebPage","@id":"https:\/\/www.hoteldaitalo.it\/de\/hotel\/dienstleistungen-und-verbilligungen\/","url":"https:\/\/www.hoteldaitalo.it\/de\/hotel\/dienstleistungen-und-verbilligungen\/","name":"Dienstleistungen und Verbilligungen, Hotel da Italo, Seccheto, Insel Elba","isPartOf":{"@id":"https:\/\/www.hoteldaitalo.it\/de\/#website"},"datePublished":"2018-02-13T16:26:36+00:00","dateModified":"2025-05-23T07:25:07+00:00","description":"Hoteldienstleistungen: Bar, Panoramaterrasse mit Meerblick, Klimatisierter Fr\u00fchst\u00fccksaal, Fr\u00fchst\u00fccksbuffet, Privater Parkplatz Kostenloses Wi-Fi, Sonnenschirme und Liegest\u00fchle f\u00fcr unsere Kunden.","breadcrumb":{"@id":"https:\/\/www.hoteldaitalo.it\/de\/hotel\/dienstleistungen-und-verbilligungen\/#breadcrumb"},"inLanguage":"de","potentialAction":[{"@type":"ReadAction","target":["https:\/\/www.hoteldaitalo.it\/de\/hotel\/dienstleistungen-und-verbilligungen\/"]}]},{"@type":"BreadcrumbList","@id":"https:\/\/www.hoteldaitalo.it\/de\/hotel\/dienstleistungen-und-verbilligungen\/#breadcrumb","itemListElement":[{"@type":"ListItem","position":1,"name":"Home","item":"https:\/\/www.hoteldaitalo.it\/de\/"},{"@type":"ListItem","position":2,"name":"Hotel","item":"https:\/\/www.hoteldaitalo.it\/de\/hotel\/"},{"@type":"ListItem","position":3,"name":"Dienstleistungen und Verbilligungen"}]},{"@type":"WebSite","@id":"https:\/\/www.hoteldaitalo.it\/de\/#website","url":"https:\/\/www.hoteldaitalo.it\/de\/","name":"Hotel da Italo","description":"Hotel a Secchetto all&#039;Isola d&#039;Elba","potentialAction":[{"@type":"SearchAction","target":{"@type":"EntryPoint","urlTemplate":"https:\/\/www.hoteldaitalo.it\/de\/?s={search_term_string}"},"query-input":{"@type":"PropertyValueSpecification","valueRequired":true,"valueName":"search_term_string"}}],"inLanguage":"de"}]}},"_links":{"self":[{"href":"https:\/\/www.hoteldaitalo.it\/de\/wp-json\/wp\/v2\/pages\/3933","targetHints":{"allow":["GET"]}}],"collection":[{"href":"https:\/\/www.hoteldaitalo.it\/de\/wp-json\/wp\/v2\/pages"}],"about":[{"href":"https:\/\/www.hoteldaitalo.it\/de\/wp-json\/wp\/v2\/types\/page"}],"author":[{"embeddable":true,"href":"https:\/\/www.hoteldaitalo.it\/de\/wp-json\/wp\/v2\/users\/1"}],"replies":[{"embeddable":true,"href":"https:\/\/www.hoteldaitalo.it\/de\/wp-json\/wp\/v2\/comments?post=3933"}],"version-history":[{"count":33,"href":"https:\/\/www.hoteldaitalo.it\/de\/wp-json\/wp\/v2\/pages\/3933\/revisions"}],"predecessor-version":[{"id":5541,"href":"https:\/\/www.hoteldaitalo.it\/de\/wp-json\/wp\/v2\/pages\/3933\/revisions\/5541"}],"up":[{"embeddable":true,"href":"https:\/\/www.hoteldaitalo.it\/de\/wp-json\/wp\/v2\/pages\/3912"}],"wp:attachment":[{"href":"https:\/\/www.hoteldaitalo.it\/de\/wp-json\/wp\/v2\/media?parent=3933"}],"curies":[{"name":"wp","href":"https:\/\/api.w.org\/{rel}","templated":true}]}}