{"id":3959,"date":"2018-02-14T09:14:10","date_gmt":"2018-02-14T08:14:10","guid":{"rendered":"http:\/\/www.hoteldaitalo.it\/dove-siamo\/"},"modified":"2019-01-08T15:49:57","modified_gmt":"2019-01-08T14:49:57","slug":"lage","status":"publish","type":"page","link":"https:\/\/www.hoteldaitalo.it\/de\/lage\/","title":{"rendered":"Lage"},"content":{"rendered":"<div id=\"pl-3959\"  class=\"panel-layout\" ><div id=\"pg-3959-0\"  class=\"panel-grid panel-has-style\" ><div class=\"siteorigin-panels-stretch panel-row-style panel-row-style-for-3959-0\" data-stretch-type=\"full\" ><div id=\"pgc-3959-0-0\"  class=\"panel-grid-cell\" ><div id=\"panel-3959-0-0-0\" class=\"so-panel widget widget_black-studio-tinymce widget_black_studio_tinymce panel-first-child panel-last-child\" data-index=\"0\" ><div class=\"panel-widget-style panel-widget-style-for-3959-0-0-0\" ><div class=\"textwidget\"><span><span><a href=\"https:\/\/www.hoteldaitalo.it\/de\/\">Home<\/a><\/span><\/span><\/div><\/div><\/div><\/div><\/div><\/div><div id=\"pg-3959-1\"  class=\"panel-grid panel-no-style\" ><div id=\"pgc-3959-1-0\"  class=\"panel-grid-cell\" ><div id=\"panel-3959-1-0-0\" class=\"so-panel widget widget_heading panel-first-child\" data-index=\"1\" ><div class=\"thim-widget-heading thim-widget-heading-base\"><div class=\"sc-heading article_heading wrapper-line-heading\"><h3 class=\"heading__primary\">Lage<\/h3><span class=\"line-heading\"><span><\/span><\/span><\/div><\/div><\/div><div id=\"panel-3959-1-0-1\" class=\"so-panel widget widget_black-studio-tinymce widget_black_studio_tinymce\" data-index=\"2\" ><div class=\"textwidget\"><p>Das Hotel da Italo liegt nur 30 m vom Sandstrand in Seccheto entfernt. F\u00fcr unsere Kunden bieten wir einen privaten Parkplatz in der N\u00e4he des Hotels (siehe Karte).<\/p>\n<\/div><\/div><div id=\"panel-3959-1-0-2\" class=\"so-panel widget widget_google-map\" data-index=\"3\" ><div class=\"thim-widget-google-map thim-widget-google-map-base\"><div class=\"kcf-module\">\n \t<div\n\t\tclass=\"ob-google-map-canvas\"\n\t\tstyle=\"height:480px;\"\n\t\tid=\"ob-map-canvas-d41d8cd98f00b204e9800998ecf8427e\"\n\t\t\t\t\t\t\t\t\tdata-display_by=\"location\"\t\t\t\t\t\t\t\t\t\t\t\tdata-lat=\"42.741851\"\t\t\t\t\t\t\t\t\t\t\t\tdata-lng=\"10.194782\"\t\t\t\t\t\t\t\t\t\t\t\t\t\t\t\t\tdata-zoom=\"14\"\t\t\t\t\t\t\t\t\t\t\t\t\t\t\t\t\tdata-draggable=\"1\"\t\t\t\t\t\t\t\t\t\t\t\t\t\t\t\t\t\t\t\t\t\tdata-marker-positions=\"[{&quot;place&quot;:&quot;42.737316, 10.176383&quot;}]\"\t\t\t\t\t\t\t\t\t\t\t\tdata-google-map-api=\"AIzaSyDhAY5vEsEr6JmxniPK5MI4HZf_vGbJqqQ\"\t\t\t\t\t\t\t><\/div>\n<\/div><\/div><\/div><div id=\"panel-3959-1-0-3\" class=\"so-panel widget widget_black-studio-tinymce widget_black_studio_tinymce panel-last-child\" data-index=\"4\" ><div class=\"textwidget\"><p><strong>GPS Koordinaten Hotel da Italo<\/strong><\/p>\n<ul>\n<li>GMS (Grad, Minuten, Sekunden) = N 42\u00b0 44\u2019 12.337\u2019\u2019<\/li>\n<li>GD (Dezimalgrad) = Breitengrad: 42.73676 | L\u00e4ngengrad: 10.176693<\/li>\n<\/ul>\n<p>&nbsp;<br \/>\n&nbsp;<\/p>\n<h5>So erreichen Sie uns von Portoferraio aus<\/h5>\n<p>Um das Hotel da Italo zu erreichen, folgen Sie in Portoferraio, wo Sie mit der F\u00e4hre ankommen, der Beschilderung \u201ein alle Richtungen\u201c und dann Marina di Campo f\u00fcr ca. 17km. Sie kommen zun\u00e4chst zum Dorf Procchio, wo Sie links nach Marina di Campo abbiegen m\u00fcssen. Sobald Sie in Marina di Campo angekommen sind, folgen Sie den Schildern Richtung Cavoli - Seccheto. Etwas au\u00dferhalb des Dorfes Marina di Campo, werden Sie einen kurzen, leicht ansteigenden Abschnitt passieren, der Sie zum Anfang der Costa del Sole bringt, wo Sie auf einer sch\u00f6nen Panoramastra\u00dfe fahren, von der Sie die nahe gelegenen Inseln des toskanischen Archipels Pianosa und Montecristo sehen k\u00f6nnen. Dann kommen Sie zum ersten Dorf Cavoli und dann in weniger als 1 km erreichen Sie Seccheto. Das Hotel liegt fast am Anfang des Dorfes, unmittelbar nach der B\u00e4ckerei und dem kleinen Lebensmittelladen. Sie finden auf der linken Seite die Wegbeschreibung und dank der angegebenen GPS-Koordinaten ist es noch einfacher, uns zu finden.<\/p>\n<ul>\n<li><strong>Mit dem Auto<\/strong>: Erreichen Sie den Hafen von Piombino Marittima und fahren Sie mit der F\u00e4hre nach Portoferraio<\/li>\n<li><strong>Mit dem Flugzeug<\/strong>: es gibt Direktfl\u00fcge von Pisa - Florenz - Mailand Malpensa - Mailand Orio al Serio - Bern - Z\u00fcrich, angeboten von den folgenden Firmen: Inlandsfl\u00fcge Silver Air www.silverairitalia.it - \u200b\u200binternationale Fl\u00fcge www.flyskywork.com<\/li>\n<li><strong>Mit dem Zug<\/strong>: Fahren Sie zum Bahnhof von Piombino Marittima, direkt am Hafen f\u00fcr die F\u00e4hren.<\/li>\n<\/ul>\n<\/div><\/div><\/div><\/div><\/div>","protected":false},"excerpt":{"rendered":"<p>Das Hotel da Italo liegt nur 30 m vom Sandstrand in Seccheto entfernt. F\u00fcr unsere Kunden bieten wir einen privaten [&hellip;]<\/p>\n","protected":false},"author":1,"featured_media":0,"parent":0,"menu_order":2,"comment_status":"closed","ping_status":"closed","template":"","meta":{"_joinchat":[],"footnotes":""},"class_list":["post-3959","page","type-page","status-publish","hentry"],"yoast_head":"<!-- This site is optimized with the Yoast SEO plugin v24.0 - https:\/\/yoast.com\/wordpress\/plugins\/seo\/ -->\n<title>Lage, Hotel da Italo, Seccheto, Insel Elba<\/title>\n<meta name=\"description\" content=\"Das Hotel da Italo liegt nur 30 m vom Sandstrand in Seccheto entfernt. F\u00fcr unsere Kunden bieten wir einen privaten Parkplatz in der N\u00e4he des Hotels (siehe Karte).\" \/>\n<meta name=\"robots\" content=\"index, follow, max-snippet:-1, max-image-preview:large, max-video-preview:-1\" \/>\n<link rel=\"canonical\" href=\"https:\/\/www.hoteldaitalo.it\/de\/lage\/\" \/>\n<meta property=\"og:locale\" content=\"de_DE\" \/>\n<meta property=\"og:type\" content=\"article\" \/>\n<meta property=\"og:title\" content=\"Lage, Hotel da Italo, Seccheto, Insel Elba\" \/>\n<meta property=\"og:description\" content=\"Das Hotel da Italo liegt nur 30 m vom Sandstrand in Seccheto entfernt. F\u00fcr unsere Kunden bieten wir einen privaten Parkplatz in der N\u00e4he des Hotels (siehe Karte).\" \/>\n<meta property=\"og:url\" content=\"https:\/\/www.hoteldaitalo.it\/de\/lage\/\" \/>\n<meta property=\"og:site_name\" content=\"Hotel da Italo\" \/>\n<meta property=\"article:publisher\" content=\"https:\/\/www.facebook.com\/hoteldaitalo.it\/\" \/>\n<meta property=\"article:modified_time\" content=\"2019-01-08T14:49:57+00:00\" \/>\n<meta property=\"og:image\" content=\"https:\/\/www.hoteldaitalo.it\/wp-content\/uploads\/header_home_01.jpg\" \/>\n\t<meta property=\"og:image:width\" content=\"1600\" \/>\n\t<meta property=\"og:image:height\" content=\"974\" \/>\n\t<meta property=\"og:image:type\" content=\"image\/jpeg\" \/>\n<meta name=\"twitter:card\" content=\"summary_large_image\" \/>\n<meta name=\"twitter:label1\" content=\"Gesch\u00e4tzte Lesezeit\" \/>\n\t<meta name=\"twitter:data1\" content=\"2\u00a0Minuten\" \/>\n<script type=\"application\/ld+json\" class=\"yoast-schema-graph\">{\"@context\":\"https:\/\/schema.org\",\"@graph\":[{\"@type\":\"WebPage\",\"@id\":\"https:\/\/www.hoteldaitalo.it\/de\/lage\/\",\"url\":\"https:\/\/www.hoteldaitalo.it\/de\/lage\/\",\"name\":\"Lage, Hotel da Italo, Seccheto, Insel Elba\",\"isPartOf\":{\"@id\":\"https:\/\/www.hoteldaitalo.it\/de\/#website\"},\"datePublished\":\"2018-02-14T08:14:10+00:00\",\"dateModified\":\"2019-01-08T14:49:57+00:00\",\"description\":\"Das Hotel da Italo liegt nur 30 m vom Sandstrand in Seccheto entfernt. F\u00fcr unsere Kunden bieten wir einen privaten Parkplatz in der N\u00e4he des Hotels (siehe Karte).\",\"breadcrumb\":{\"@id\":\"https:\/\/www.hoteldaitalo.it\/de\/lage\/#breadcrumb\"},\"inLanguage\":\"de\",\"potentialAction\":[{\"@type\":\"ReadAction\",\"target\":[\"https:\/\/www.hoteldaitalo.it\/de\/lage\/\"]}]},{\"@type\":\"BreadcrumbList\",\"@id\":\"https:\/\/www.hoteldaitalo.it\/de\/lage\/#breadcrumb\",\"itemListElement\":[{\"@type\":\"ListItem\",\"position\":1,\"name\":\"Home\",\"item\":\"https:\/\/www.hoteldaitalo.it\/de\/\"},{\"@type\":\"ListItem\",\"position\":2,\"name\":\"Lage\"}]},{\"@type\":\"WebSite\",\"@id\":\"https:\/\/www.hoteldaitalo.it\/de\/#website\",\"url\":\"https:\/\/www.hoteldaitalo.it\/de\/\",\"name\":\"Hotel da Italo\",\"description\":\"Hotel a Secchetto all&#039;Isola d&#039;Elba\",\"potentialAction\":[{\"@type\":\"SearchAction\",\"target\":{\"@type\":\"EntryPoint\",\"urlTemplate\":\"https:\/\/www.hoteldaitalo.it\/de\/?s={search_term_string}\"},\"query-input\":{\"@type\":\"PropertyValueSpecification\",\"valueRequired\":true,\"valueName\":\"search_term_string\"}}],\"inLanguage\":\"de\"}]}<\/script>\n<!-- \/ Yoast SEO plugin. -->","yoast_head_json":{"title":"Lage, Hotel da Italo, Seccheto, Insel Elba","description":"Das Hotel da Italo liegt nur 30 m vom Sandstrand in Seccheto entfernt. F\u00fcr unsere Kunden bieten wir einen privaten Parkplatz in der N\u00e4he des Hotels (siehe Karte).","robots":{"index":"index","follow":"follow","max-snippet":"max-snippet:-1","max-image-preview":"max-image-preview:large","max-video-preview":"max-video-preview:-1"},"canonical":"https:\/\/www.hoteldaitalo.it\/de\/lage\/","og_locale":"de_DE","og_type":"article","og_title":"Lage, Hotel da Italo, Seccheto, Insel Elba","og_description":"Das Hotel da Italo liegt nur 30 m vom Sandstrand in Seccheto entfernt. F\u00fcr unsere Kunden bieten wir einen privaten Parkplatz in der N\u00e4he des Hotels (siehe Karte).","og_url":"https:\/\/www.hoteldaitalo.it\/de\/lage\/","og_site_name":"Hotel da Italo","article_publisher":"https:\/\/www.facebook.com\/hoteldaitalo.it\/","article_modified_time":"2019-01-08T14:49:57+00:00","og_image":[{"width":1600,"height":974,"url":"https:\/\/www.hoteldaitalo.it\/wp-content\/uploads\/header_home_01.jpg","type":"image\/jpeg"}],"twitter_card":"summary_large_image","twitter_misc":{"Gesch\u00e4tzte Lesezeit":"2\u00a0Minuten"},"schema":{"@context":"https:\/\/schema.org","@graph":[{"@type":"WebPage","@id":"https:\/\/www.hoteldaitalo.it\/de\/lage\/","url":"https:\/\/www.hoteldaitalo.it\/de\/lage\/","name":"Lage, Hotel da Italo, Seccheto, Insel Elba","isPartOf":{"@id":"https:\/\/www.hoteldaitalo.it\/de\/#website"},"datePublished":"2018-02-14T08:14:10+00:00","dateModified":"2019-01-08T14:49:57+00:00","description":"Das Hotel da Italo liegt nur 30 m vom Sandstrand in Seccheto entfernt. F\u00fcr unsere Kunden bieten wir einen privaten Parkplatz in der N\u00e4he des Hotels (siehe Karte).","breadcrumb":{"@id":"https:\/\/www.hoteldaitalo.it\/de\/lage\/#breadcrumb"},"inLanguage":"de","potentialAction":[{"@type":"ReadAction","target":["https:\/\/www.hoteldaitalo.it\/de\/lage\/"]}]},{"@type":"BreadcrumbList","@id":"https:\/\/www.hoteldaitalo.it\/de\/lage\/#breadcrumb","itemListElement":[{"@type":"ListItem","position":1,"name":"Home","item":"https:\/\/www.hoteldaitalo.it\/de\/"},{"@type":"ListItem","position":2,"name":"Lage"}]},{"@type":"WebSite","@id":"https:\/\/www.hoteldaitalo.it\/de\/#website","url":"https:\/\/www.hoteldaitalo.it\/de\/","name":"Hotel da Italo","description":"Hotel a Secchetto all&#039;Isola d&#039;Elba","potentialAction":[{"@type":"SearchAction","target":{"@type":"EntryPoint","urlTemplate":"https:\/\/www.hoteldaitalo.it\/de\/?s={search_term_string}"},"query-input":{"@type":"PropertyValueSpecification","valueRequired":true,"valueName":"search_term_string"}}],"inLanguage":"de"}]}},"_links":{"self":[{"href":"https:\/\/www.hoteldaitalo.it\/de\/wp-json\/wp\/v2\/pages\/3959","targetHints":{"allow":["GET"]}}],"collection":[{"href":"https:\/\/www.hoteldaitalo.it\/de\/wp-json\/wp\/v2\/pages"}],"about":[{"href":"https:\/\/www.hoteldaitalo.it\/de\/wp-json\/wp\/v2\/types\/page"}],"author":[{"embeddable":true,"href":"https:\/\/www.hoteldaitalo.it\/de\/wp-json\/wp\/v2\/users\/1"}],"replies":[{"embeddable":true,"href":"https:\/\/www.hoteldaitalo.it\/de\/wp-json\/wp\/v2\/comments?post=3959"}],"version-history":[{"count":5,"href":"https:\/\/www.hoteldaitalo.it\/de\/wp-json\/wp\/v2\/pages\/3959\/revisions"}],"predecessor-version":[{"id":4584,"href":"https:\/\/www.hoteldaitalo.it\/de\/wp-json\/wp\/v2\/pages\/3959\/revisions\/4584"}],"wp:attachment":[{"href":"https:\/\/www.hoteldaitalo.it\/de\/wp-json\/wp\/v2\/media?parent=3959"}],"curies":[{"name":"wp","href":"https:\/\/api.w.org\/{rel}","templated":true}]}}