{"id":3969,"date":"2018-02-14T11:29:07","date_gmt":"2018-02-14T10:29:07","guid":{"rendered":"http:\/\/www.hoteldaitalo.it\/lage\/seccheto\/"},"modified":"2019-06-27T11:15:15","modified_gmt":"2019-06-27T09:15:15","slug":"seccheto","status":"publish","type":"page","link":"https:\/\/www.hoteldaitalo.it\/de\/lage\/seccheto\/","title":{"rendered":"Seccheto"},"content":{"rendered":"<div id=\"pl-3969\"  class=\"panel-layout\" ><div id=\"pg-3969-0\"  class=\"panel-grid panel-has-style\" ><div class=\"siteorigin-panels-stretch panel-row-style panel-row-style-for-3969-0\" data-stretch-type=\"full\" ><div id=\"pgc-3969-0-0\"  class=\"panel-grid-cell\" ><div id=\"panel-3969-0-0-0\" class=\"so-panel widget widget_black-studio-tinymce widget_black_studio_tinymce panel-first-child panel-last-child\" data-index=\"0\" ><div class=\"panel-widget-style panel-widget-style-for-3969-0-0-0\" ><div class=\"textwidget\"><span><span><a href=\"https:\/\/www.hoteldaitalo.it\/de\/\">Home<\/a><\/span><\/span><\/div><\/div><\/div><\/div><\/div><\/div><div id=\"pg-3969-1\"  class=\"panel-grid panel-no-style\" ><div id=\"pgc-3969-1-0\"  class=\"panel-grid-cell\" ><div id=\"panel-3969-1-0-0\" class=\"so-panel widget widget_heading panel-first-child\" data-index=\"1\" ><div class=\"thim-widget-heading thim-widget-heading-base\"><div class=\"sc-heading article_heading wrapper-line-heading\"><h3 class=\"heading__primary\">Seccheto<\/h3><span class=\"line-heading\"><span><\/span><\/span><\/div><\/div><\/div><div id=\"panel-3969-1-0-1\" class=\"so-panel widget widget_black-studio-tinymce widget_black_studio_tinymce panel-last-child\" data-index=\"2\" ><div class=\"textwidget\"><p>Seccheto ist ein sch\u00f6nes Dorf an der Westk\u00fcste von Elba. Nur 6,5 km von Marina di Campo entfernt, in 13 Minuten mit dem Auto erreichbar, etwa 1 km von Cavoli und 3 km von Fetovaia entfernt.<br \/>\n&nbsp;<\/p>\n<h5>Der Strand<\/h5>\n<p>bietet einen sch\u00f6nen Granit-Sand, teilweise frei und teilweise von einer Badeanstalt mit Bar und Toiletten besetzt, die auch die Sicherheit der Badeg\u00e4ste garantiert. Auf der rechten Seite des Strandes befindet sich der kleine Hafen, wo im Sommer einige kleine Boote vor Anker liegen. F\u00fcr diejenigen, welche die jedoch die Felsen lieben, gibt es die Cave Maritime und die nat\u00fcrlichen Schwimmb\u00e4der und verschiedene glatte Granitfelsen, die den Strand Seccheto von den nahegelegenen Str\u00e4nden Cavoli und Fetovaia trennen.<br \/>\n&nbsp;<\/p>\n<h5>Das Land<\/h5>\n<p>Seccheto ist ein kleines Dorf, das Dienstleistungen wie Restaurants, B\u00e4ckerei, Supermarkt, Bars, Tabak, Zeitungsladen, Basar, Apotheke, Geldautomaten und eine Pfarrkirche bietet, wo jeden Sonntagmorgen die Messe stattfindet.<br \/>\n&nbsp;<\/p>\n<h5>Der Berg<\/h5>\n<p>sehr sch\u00f6n ist auch der Berg und Valle di Vallebuia, welche sich gleich hinter Seccheto befinden. Von hier aus gibt es zahlreiche Wege, die auch vom CAI markiert sind, ideal f\u00fcr Wandern, Nordic Walking und Mountainbiken, vor allem in der Nebensaison. Die Wege sind haupts\u00e4chlich panoramisch und verbinden den Weiler Seccheto mit den anderen verschiedenen Weilern der Costa del Sole, sowie mit den h\u00fcgeligen Fraktionen San Piero und den sch\u00f6nen Aussichtspunkten in den h\u00f6heren Lagen.<\/p>\n<\/div><\/div><\/div><\/div><div id=\"pg-3969-2\"  class=\"panel-grid panel-has-style\" ><div class=\"thim-gallery-box siteorigin-panels-stretch panel-row-style panel-row-style-for-3969-2\" data-stretch-type=\"full\" ><div id=\"pgc-3969-2-0\"  class=\"panel-grid-cell\" ><div id=\"panel-3969-2-0-0\" class=\"so-panel widget widget_gallery-images panel-first-child panel-last-child\" data-index=\"3\" ><div class=\"panel-widget-style panel-widget-style-for-3969-2-0-0\" ><div class=\"thim-widget-gallery-images thim-widget-gallery-images-base\"><div class=\"thim-gallery-images gallery-img \"><div class=\"item\"><img src =\"https:\/\/www.hoteldaitalo.it\/wp-content\/uploads\/gallery_seccheto_06.jpg\" width=\"1000\" height=\"600\" alt= \"Seccheto\" \/><\/div><div class=\"item\"><img src =\"https:\/\/www.hoteldaitalo.it\/wp-content\/uploads\/gallery_seccheto_08.jpg\" width=\"1000\" height=\"600\" alt= \"Seccheto\" \/><\/div><div class=\"item\"><img src =\"https:\/\/www.hoteldaitalo.it\/wp-content\/uploads\/gallery_seccheto_07.jpg\" width=\"1000\" height=\"600\" alt= \"Seccheto\" \/><\/div><div class=\"item\"><img src =\"https:\/\/www.hoteldaitalo.it\/wp-content\/uploads\/gallery_seccheto_09.jpg\" width=\"1000\" height=\"600\" alt= \"Seccheto\" \/><\/div><div class=\"item\"><img src =\"https:\/\/www.hoteldaitalo.it\/wp-content\/uploads\/gallery_seccheto_01_new.jpg\" width=\"1000\" height=\"600\" alt= \"Seccheto\" \/><\/div><div class=\"item\"><img src =\"https:\/\/www.hoteldaitalo.it\/wp-content\/uploads\/gallery_seccheto_02_new.jpg\" width=\"1000\" height=\"600\" alt= \"Seccheto\" \/><\/div><div class=\"item\"><img src =\"https:\/\/www.hoteldaitalo.it\/wp-content\/uploads\/gallery_seccheto_03_new.jpg\" width=\"1000\" height=\"600\" alt= \"Seccheto\" \/><\/div><div class=\"item\"><img src =\"https:\/\/www.hoteldaitalo.it\/wp-content\/uploads\/gallery_seccheto_04_new.jpg\" width=\"1000\" height=\"600\" alt= \"Seccheto\" \/><\/div><div class=\"item\"><img src =\"https:\/\/www.hoteldaitalo.it\/wp-content\/uploads\/gallery_seccheto_05_new.jpg\" width=\"1000\" height=\"600\" alt= \"Seccheto\" \/><\/div><\/div><\/div><\/div><\/div><\/div><\/div><\/div><\/div>","protected":false},"excerpt":{"rendered":"<p>Seccheto ist ein sch\u00f6nes Dorf an der Westk\u00fcste von Elba. Nur 6,5 km von Marina di Campo entfernt, in 13 [&hellip;]<\/p>\n","protected":false},"author":1,"featured_media":0,"parent":3959,"menu_order":1,"comment_status":"closed","ping_status":"closed","template":"","meta":{"_joinchat":[],"footnotes":""},"class_list":["post-3969","page","type-page","status-publish","hentry"],"yoast_head":"<!-- This site is optimized with the Yoast SEO plugin v24.0 - https:\/\/yoast.com\/wordpress\/plugins\/seo\/ -->\n<title>Seccheto, Hotel da Italo, Seccheto, Insel Elba<\/title>\n<meta name=\"description\" content=\"Seccheto ist ein sch\u00f6nes Dorf an der Westk\u00fcste von Elba. Nur 6,5 km von Marina di Campo entfernt, in 13 Minuten mit dem Auto erreichbar, etwa 1 km von Cavoli und 3 km von Fetovaia entfernt.\" \/>\n<meta name=\"robots\" content=\"index, follow, max-snippet:-1, max-image-preview:large, max-video-preview:-1\" \/>\n<link rel=\"canonical\" href=\"https:\/\/www.hoteldaitalo.it\/de\/lage\/seccheto\/\" \/>\n<meta property=\"og:locale\" content=\"de_DE\" \/>\n<meta property=\"og:type\" content=\"article\" \/>\n<meta property=\"og:title\" content=\"Seccheto, Hotel da Italo, Seccheto, Insel Elba\" \/>\n<meta property=\"og:description\" content=\"Seccheto ist ein sch\u00f6nes Dorf an der Westk\u00fcste von Elba. Nur 6,5 km von Marina di Campo entfernt, in 13 Minuten mit dem Auto erreichbar, etwa 1 km von Cavoli und 3 km von Fetovaia entfernt.\" \/>\n<meta property=\"og:url\" content=\"https:\/\/www.hoteldaitalo.it\/de\/lage\/seccheto\/\" \/>\n<meta property=\"og:site_name\" content=\"Hotel da Italo\" \/>\n<meta property=\"article:publisher\" content=\"https:\/\/www.facebook.com\/hoteldaitalo.it\/\" \/>\n<meta property=\"article:modified_time\" content=\"2019-06-27T09:15:15+00:00\" \/>\n<meta property=\"og:image\" content=\"https:\/\/www.hoteldaitalo.it\/wp-content\/uploads\/header_home_01.jpg\" \/>\n\t<meta property=\"og:image:width\" content=\"1600\" \/>\n\t<meta property=\"og:image:height\" content=\"974\" \/>\n\t<meta property=\"og:image:type\" content=\"image\/jpeg\" \/>\n<meta name=\"twitter:card\" content=\"summary_large_image\" \/>\n<meta name=\"twitter:label1\" content=\"Gesch\u00e4tzte Lesezeit\" \/>\n\t<meta name=\"twitter:data1\" content=\"1\u00a0Minute\" \/>\n<script type=\"application\/ld+json\" class=\"yoast-schema-graph\">{\"@context\":\"https:\/\/schema.org\",\"@graph\":[{\"@type\":\"WebPage\",\"@id\":\"https:\/\/www.hoteldaitalo.it\/de\/lage\/seccheto\/\",\"url\":\"https:\/\/www.hoteldaitalo.it\/de\/lage\/seccheto\/\",\"name\":\"Seccheto, Hotel da Italo, Seccheto, Insel Elba\",\"isPartOf\":{\"@id\":\"https:\/\/www.hoteldaitalo.it\/de\/#website\"},\"datePublished\":\"2018-02-14T10:29:07+00:00\",\"dateModified\":\"2019-06-27T09:15:15+00:00\",\"description\":\"Seccheto ist ein sch\u00f6nes Dorf an der Westk\u00fcste von Elba. Nur 6,5 km von Marina di Campo entfernt, in 13 Minuten mit dem Auto erreichbar, etwa 1 km von Cavoli und 3 km von Fetovaia entfernt.\",\"breadcrumb\":{\"@id\":\"https:\/\/www.hoteldaitalo.it\/de\/lage\/seccheto\/#breadcrumb\"},\"inLanguage\":\"de\",\"potentialAction\":[{\"@type\":\"ReadAction\",\"target\":[\"https:\/\/www.hoteldaitalo.it\/de\/lage\/seccheto\/\"]}]},{\"@type\":\"BreadcrumbList\",\"@id\":\"https:\/\/www.hoteldaitalo.it\/de\/lage\/seccheto\/#breadcrumb\",\"itemListElement\":[{\"@type\":\"ListItem\",\"position\":1,\"name\":\"Home\",\"item\":\"https:\/\/www.hoteldaitalo.it\/de\/\"},{\"@type\":\"ListItem\",\"position\":2,\"name\":\"Lage\",\"item\":\"https:\/\/www.hoteldaitalo.it\/de\/lage\/\"},{\"@type\":\"ListItem\",\"position\":3,\"name\":\"Seccheto\"}]},{\"@type\":\"WebSite\",\"@id\":\"https:\/\/www.hoteldaitalo.it\/de\/#website\",\"url\":\"https:\/\/www.hoteldaitalo.it\/de\/\",\"name\":\"Hotel da Italo\",\"description\":\"Hotel a Secchetto all&#039;Isola d&#039;Elba\",\"potentialAction\":[{\"@type\":\"SearchAction\",\"target\":{\"@type\":\"EntryPoint\",\"urlTemplate\":\"https:\/\/www.hoteldaitalo.it\/de\/?s={search_term_string}\"},\"query-input\":{\"@type\":\"PropertyValueSpecification\",\"valueRequired\":true,\"valueName\":\"search_term_string\"}}],\"inLanguage\":\"de\"}]}<\/script>\n<!-- \/ Yoast SEO plugin. -->","yoast_head_json":{"title":"Seccheto, Hotel da Italo, Seccheto, Insel Elba","description":"Seccheto ist ein sch\u00f6nes Dorf an der Westk\u00fcste von Elba. Nur 6,5 km von Marina di Campo entfernt, in 13 Minuten mit dem Auto erreichbar, etwa 1 km von Cavoli und 3 km von Fetovaia entfernt.","robots":{"index":"index","follow":"follow","max-snippet":"max-snippet:-1","max-image-preview":"max-image-preview:large","max-video-preview":"max-video-preview:-1"},"canonical":"https:\/\/www.hoteldaitalo.it\/de\/lage\/seccheto\/","og_locale":"de_DE","og_type":"article","og_title":"Seccheto, Hotel da Italo, Seccheto, Insel Elba","og_description":"Seccheto ist ein sch\u00f6nes Dorf an der Westk\u00fcste von Elba. Nur 6,5 km von Marina di Campo entfernt, in 13 Minuten mit dem Auto erreichbar, etwa 1 km von Cavoli und 3 km von Fetovaia entfernt.","og_url":"https:\/\/www.hoteldaitalo.it\/de\/lage\/seccheto\/","og_site_name":"Hotel da Italo","article_publisher":"https:\/\/www.facebook.com\/hoteldaitalo.it\/","article_modified_time":"2019-06-27T09:15:15+00:00","og_image":[{"width":1600,"height":974,"url":"https:\/\/www.hoteldaitalo.it\/wp-content\/uploads\/header_home_01.jpg","type":"image\/jpeg"}],"twitter_card":"summary_large_image","twitter_misc":{"Gesch\u00e4tzte Lesezeit":"1\u00a0Minute"},"schema":{"@context":"https:\/\/schema.org","@graph":[{"@type":"WebPage","@id":"https:\/\/www.hoteldaitalo.it\/de\/lage\/seccheto\/","url":"https:\/\/www.hoteldaitalo.it\/de\/lage\/seccheto\/","name":"Seccheto, Hotel da Italo, Seccheto, Insel Elba","isPartOf":{"@id":"https:\/\/www.hoteldaitalo.it\/de\/#website"},"datePublished":"2018-02-14T10:29:07+00:00","dateModified":"2019-06-27T09:15:15+00:00","description":"Seccheto ist ein sch\u00f6nes Dorf an der Westk\u00fcste von Elba. Nur 6,5 km von Marina di Campo entfernt, in 13 Minuten mit dem Auto erreichbar, etwa 1 km von Cavoli und 3 km von Fetovaia entfernt.","breadcrumb":{"@id":"https:\/\/www.hoteldaitalo.it\/de\/lage\/seccheto\/#breadcrumb"},"inLanguage":"de","potentialAction":[{"@type":"ReadAction","target":["https:\/\/www.hoteldaitalo.it\/de\/lage\/seccheto\/"]}]},{"@type":"BreadcrumbList","@id":"https:\/\/www.hoteldaitalo.it\/de\/lage\/seccheto\/#breadcrumb","itemListElement":[{"@type":"ListItem","position":1,"name":"Home","item":"https:\/\/www.hoteldaitalo.it\/de\/"},{"@type":"ListItem","position":2,"name":"Lage","item":"https:\/\/www.hoteldaitalo.it\/de\/lage\/"},{"@type":"ListItem","position":3,"name":"Seccheto"}]},{"@type":"WebSite","@id":"https:\/\/www.hoteldaitalo.it\/de\/#website","url":"https:\/\/www.hoteldaitalo.it\/de\/","name":"Hotel da Italo","description":"Hotel a Secchetto all&#039;Isola d&#039;Elba","potentialAction":[{"@type":"SearchAction","target":{"@type":"EntryPoint","urlTemplate":"https:\/\/www.hoteldaitalo.it\/de\/?s={search_term_string}"},"query-input":{"@type":"PropertyValueSpecification","valueRequired":true,"valueName":"search_term_string"}}],"inLanguage":"de"}]}},"_links":{"self":[{"href":"https:\/\/www.hoteldaitalo.it\/de\/wp-json\/wp\/v2\/pages\/3969","targetHints":{"allow":["GET"]}}],"collection":[{"href":"https:\/\/www.hoteldaitalo.it\/de\/wp-json\/wp\/v2\/pages"}],"about":[{"href":"https:\/\/www.hoteldaitalo.it\/de\/wp-json\/wp\/v2\/types\/page"}],"author":[{"embeddable":true,"href":"https:\/\/www.hoteldaitalo.it\/de\/wp-json\/wp\/v2\/users\/1"}],"replies":[{"embeddable":true,"href":"https:\/\/www.hoteldaitalo.it\/de\/wp-json\/wp\/v2\/comments?post=3969"}],"version-history":[{"count":7,"href":"https:\/\/www.hoteldaitalo.it\/de\/wp-json\/wp\/v2\/pages\/3969\/revisions"}],"predecessor-version":[{"id":5042,"href":"https:\/\/www.hoteldaitalo.it\/de\/wp-json\/wp\/v2\/pages\/3969\/revisions\/5042"}],"up":[{"embeddable":true,"href":"https:\/\/www.hoteldaitalo.it\/de\/wp-json\/wp\/v2\/pages\/3959"}],"wp:attachment":[{"href":"https:\/\/www.hoteldaitalo.it\/de\/wp-json\/wp\/v2\/media?parent=3969"}],"curies":[{"name":"wp","href":"https:\/\/api.w.org\/{rel}","templated":true}]}}