{"id":3979,"date":"2018-02-14T14:07:28","date_gmt":"2018-02-14T13:07:28","guid":{"rendered":"http:\/\/www.hoteldaitalo.it\/lage\/isola-delba\/"},"modified":"2018-03-06T17:05:12","modified_gmt":"2018-03-06T16:05:12","slug":"insel-elba","status":"publish","type":"page","link":"https:\/\/www.hoteldaitalo.it\/de\/lage\/insel-elba\/","title":{"rendered":"Insel Elba"},"content":{"rendered":"<div id=\"pl-3979\"  class=\"panel-layout\" ><div id=\"pg-3979-0\"  class=\"panel-grid panel-has-style\" ><div class=\"siteorigin-panels-stretch panel-row-style panel-row-style-for-3979-0\" data-stretch-type=\"full\" ><div id=\"pgc-3979-0-0\"  class=\"panel-grid-cell\" ><div id=\"panel-3979-0-0-0\" class=\"so-panel widget widget_black-studio-tinymce widget_black_studio_tinymce panel-first-child panel-last-child\" data-index=\"0\" ><div class=\"panel-widget-style panel-widget-style-for-3979-0-0-0\" ><div class=\"textwidget\"><span><span><a href=\"https:\/\/www.hoteldaitalo.it\/de\/\">Home<\/a><\/span><\/span><\/div><\/div><\/div><\/div><\/div><\/div><div id=\"pg-3979-1\"  class=\"panel-grid panel-no-style\" ><div id=\"pgc-3979-1-0\"  class=\"panel-grid-cell\" ><div id=\"panel-3979-1-0-0\" class=\"so-panel widget widget_heading panel-first-child\" data-index=\"1\" ><div class=\"thim-widget-heading thim-widget-heading-base\"><div class=\"sc-heading article_heading wrapper-line-heading\"><h3 class=\"heading__primary\">Insel Elba<\/h3><span class=\"line-heading\"><span><\/span><\/span><\/div><\/div><\/div><div id=\"panel-3979-1-0-1\" class=\"so-panel widget widget_black-studio-tinymce widget_black_studio_tinymce panel-last-child\" data-index=\"2\" ><div class=\"textwidget\"><p>Die Insel Elba ist die drittgr\u00f6\u00dfte Insel Italiens und die gr\u00f6\u00dfte der 7 Inseln des toskanischen Archipels, zu dem sie geh\u00f6rt. Einige Bereiche geh\u00f6ren zum <strong>Nationalpark des toskanischen Archipels<\/strong>, der einen nat\u00fcrlichen und l\u00e4ndlichen Aspekt f\u00fcr diese nicht besonders zementierte und urbanisierte Region bewahrt und garantiert.<\/p>\n<p>Bekannt f\u00fcr die <strong>sch\u00f6nen Str\u00e4nde<\/strong>: es gibt tats\u00e4chlich \u00fcber 100 Str\u00e4nde auf Elba, wo man vor allem an der Westk\u00fcste die weissen Granitsandstr\u00e4nde findet, wobei es an der Ostk\u00fcste meist dunkle Str\u00e4nde mit Mineralien und Eisen gibt. Diese befinden sich haupts\u00e4chliche am K\u00fcstenabschnitt zwischen Capoliveri und Cavo. Sie werden auch wei\u00dfe Str\u00e4nde entdecken, die aus Kies und Kieselsteinen, Felsen und glattem Granit bestehen, welche sich f\u00fcr Liebhaber der Ruhe, auch in der Hochsaison Saison eignen. Einige Str\u00e4nde sind total wild und oft nur auf dem Seeweg erreichbar, aber die bekanntesten sind gut ausgestattet, leicht zug\u00e4nglich und bieten die besten Badem\u00f6glichkeiten.<\/p>\n<p>Die <strong>Natur von Elba<\/strong> ist nicht nur Meer und Str\u00e4nde, sondern auch Berg- und <strong>Outdoor-Sport-Aktivit\u00e4ten<\/strong> vor allem au\u00dferhalb der Saison. Tats\u00e4chlich ist die Elba im Fr\u00fchling und im Herbst bei Sportlern sehr beliebt, welche die zahlreichen malerischen Wege, oft alte Wege und historische Saumpfade durch Wandern, Nordic Walking oder Mountainbiken inmitten der Natur beleben. Die Natur Elbas erlebt im Fr\u00fchling eine Explosion an Blumenfarben und im Herbst riecht man verschiedenste Aromen von Fr\u00fcchten und Holz.<\/p>\n<p>Reich an Geschichte wurde Elba schon in pr\u00e4historischen Zeiten bewohnt. Zwei der beliebtesten und meistbesuchten Museen in Italien, sind die napoleonischen Villen von Portoferraio, wo der Kaiser in seiner Zeit des Exils lebte. Das soziale Leben sowie die meisten Touristenzahlen findet man vor allem in den gro\u00dfen D\u00f6rfern der Elba, welche in der Hochsaison oft sehr chaotisch sind. In der Hochsaison finden viele Dorffeste, Konzerte und sonstige Veranstaltungen statt. Von Sportveranstaltungen in der Nebensaison zu den Dorffesten und oft Live-Musik-Konzerte, lokale gastronomische Veranstaltungen und Attraktionen verschiedener Art f\u00fcr das Vergn\u00fcgen und die Unterhaltung der Touristen.<\/p>\n<\/div><\/div><\/div><\/div><div id=\"pg-3979-2\"  class=\"panel-grid panel-has-style\" ><div class=\"thim-gallery-box siteorigin-panels-stretch panel-row-style panel-row-style-for-3979-2\" data-stretch-type=\"full\" ><div id=\"pgc-3979-2-0\"  class=\"panel-grid-cell\" ><div id=\"panel-3979-2-0-0\" class=\"so-panel widget widget_gallery-images panel-first-child panel-last-child\" data-index=\"3\" ><div class=\"panel-widget-style panel-widget-style-for-3979-2-0-0\" ><div class=\"thim-widget-gallery-images thim-widget-gallery-images-base\"><div class=\"thim-gallery-images gallery-img \"><div class=\"item\"><img src =\"https:\/\/www.hoteldaitalo.it\/wp-content\/uploads\/gallery_isoladelba_05-1024x683.jpg\" width=\"1024\" height=\"683\" alt= \"Insel Elba\" \/><\/div><div class=\"item\"><img src =\"https:\/\/www.hoteldaitalo.it\/wp-content\/uploads\/gallery_isoladelba_04-1024x683.jpg\" width=\"1024\" height=\"683\" alt= \"Insel Elba\" \/><\/div><div class=\"item\"><img src =\"https:\/\/www.hoteldaitalo.it\/wp-content\/uploads\/gallery_isoladelba_03-1024x683.jpg\" width=\"1024\" height=\"683\" alt= \"Insel Elba\" \/><\/div><div class=\"item\"><img src =\"https:\/\/www.hoteldaitalo.it\/wp-content\/uploads\/gallery_isoladelba_02-1024x683.jpg\" width=\"1024\" height=\"683\" alt= \"Insel Elba\" \/><\/div><div class=\"item\"><img src =\"https:\/\/www.hoteldaitalo.it\/wp-content\/uploads\/gallery_isoladelba_01-1024x683.jpg\" width=\"1024\" height=\"683\" alt= \"Insel Elba\" \/><\/div><\/div><\/div><\/div><\/div><\/div><\/div><\/div><\/div>","protected":false},"excerpt":{"rendered":"<p>Die Insel Elba ist die drittgr\u00f6\u00dfte Insel Italiens und die gr\u00f6\u00dfte der 7 Inseln des toskanischen Archipels, zu dem sie [&hellip;]<\/p>\n","protected":false},"author":1,"featured_media":0,"parent":3959,"menu_order":2,"comment_status":"closed","ping_status":"closed","template":"","meta":{"_joinchat":[],"footnotes":""},"class_list":["post-3979","page","type-page","status-publish","hentry"],"yoast_head":"<!-- This site is optimized with the Yoast SEO plugin v24.0 - https:\/\/yoast.com\/wordpress\/plugins\/seo\/ -->\n<title>Insel Elba, Hotel da Italo, Seccheto<\/title>\n<meta name=\"description\" content=\"Insel Elba ist die drittgr\u00f6\u00dfte Insel Italiens und die gr\u00f6\u00dfte der 7 Inseln des toskanischen Archipels, zu dem sie geh\u00f6rt. Einige Bereiche geh\u00f6ren zum Nationalpark des toskanischen Archipels, der einen nat\u00fcrlichen und l\u00e4ndlichen Aspekt f\u00fcr diese nicht besonders zementierte und urbanisierte Region bewahrt und garantiert.\" \/>\n<meta name=\"robots\" content=\"index, follow, max-snippet:-1, max-image-preview:large, max-video-preview:-1\" \/>\n<link rel=\"canonical\" href=\"https:\/\/www.hoteldaitalo.it\/de\/lage\/insel-elba\/\" \/>\n<meta property=\"og:locale\" content=\"de_DE\" \/>\n<meta property=\"og:type\" content=\"article\" \/>\n<meta property=\"og:title\" content=\"Insel Elba, Hotel da Italo, Seccheto\" \/>\n<meta property=\"og:description\" content=\"Insel Elba ist die drittgr\u00f6\u00dfte Insel Italiens und die gr\u00f6\u00dfte der 7 Inseln des toskanischen Archipels, zu dem sie geh\u00f6rt. Einige Bereiche geh\u00f6ren zum Nationalpark des toskanischen Archipels, der einen nat\u00fcrlichen und l\u00e4ndlichen Aspekt f\u00fcr diese nicht besonders zementierte und urbanisierte Region bewahrt und garantiert.\" \/>\n<meta property=\"og:url\" content=\"https:\/\/www.hoteldaitalo.it\/de\/lage\/insel-elba\/\" \/>\n<meta property=\"og:site_name\" content=\"Hotel da Italo\" \/>\n<meta property=\"article:publisher\" content=\"https:\/\/www.facebook.com\/hoteldaitalo.it\/\" \/>\n<meta property=\"article:modified_time\" content=\"2018-03-06T16:05:12+00:00\" \/>\n<meta property=\"og:image\" content=\"https:\/\/www.hoteldaitalo.it\/wp-content\/uploads\/header_home_01.jpg\" \/>\n\t<meta property=\"og:image:width\" content=\"1600\" \/>\n\t<meta property=\"og:image:height\" content=\"974\" \/>\n\t<meta property=\"og:image:type\" content=\"image\/jpeg\" \/>\n<meta name=\"twitter:card\" content=\"summary_large_image\" \/>\n<meta name=\"twitter:label1\" content=\"Gesch\u00e4tzte Lesezeit\" \/>\n\t<meta name=\"twitter:data1\" content=\"2\u00a0Minuten\" \/>\n<script type=\"application\/ld+json\" class=\"yoast-schema-graph\">{\"@context\":\"https:\/\/schema.org\",\"@graph\":[{\"@type\":\"WebPage\",\"@id\":\"https:\/\/www.hoteldaitalo.it\/de\/lage\/insel-elba\/\",\"url\":\"https:\/\/www.hoteldaitalo.it\/de\/lage\/insel-elba\/\",\"name\":\"Insel Elba, Hotel da Italo, Seccheto\",\"isPartOf\":{\"@id\":\"https:\/\/www.hoteldaitalo.it\/de\/#website\"},\"datePublished\":\"2018-02-14T13:07:28+00:00\",\"dateModified\":\"2018-03-06T16:05:12+00:00\",\"description\":\"Insel Elba ist die drittgr\u00f6\u00dfte Insel Italiens und die gr\u00f6\u00dfte der 7 Inseln des toskanischen Archipels, zu dem sie geh\u00f6rt. Einige Bereiche geh\u00f6ren zum Nationalpark des toskanischen Archipels, der einen nat\u00fcrlichen und l\u00e4ndlichen Aspekt f\u00fcr diese nicht besonders zementierte und urbanisierte Region bewahrt und garantiert.\",\"breadcrumb\":{\"@id\":\"https:\/\/www.hoteldaitalo.it\/de\/lage\/insel-elba\/#breadcrumb\"},\"inLanguage\":\"de\",\"potentialAction\":[{\"@type\":\"ReadAction\",\"target\":[\"https:\/\/www.hoteldaitalo.it\/de\/lage\/insel-elba\/\"]}]},{\"@type\":\"BreadcrumbList\",\"@id\":\"https:\/\/www.hoteldaitalo.it\/de\/lage\/insel-elba\/#breadcrumb\",\"itemListElement\":[{\"@type\":\"ListItem\",\"position\":1,\"name\":\"Home\",\"item\":\"https:\/\/www.hoteldaitalo.it\/de\/\"},{\"@type\":\"ListItem\",\"position\":2,\"name\":\"Lage\",\"item\":\"https:\/\/www.hoteldaitalo.it\/de\/lage\/\"},{\"@type\":\"ListItem\",\"position\":3,\"name\":\"Insel Elba\"}]},{\"@type\":\"WebSite\",\"@id\":\"https:\/\/www.hoteldaitalo.it\/de\/#website\",\"url\":\"https:\/\/www.hoteldaitalo.it\/de\/\",\"name\":\"Hotel da Italo\",\"description\":\"Hotel a Secchetto all&#039;Isola d&#039;Elba\",\"potentialAction\":[{\"@type\":\"SearchAction\",\"target\":{\"@type\":\"EntryPoint\",\"urlTemplate\":\"https:\/\/www.hoteldaitalo.it\/de\/?s={search_term_string}\"},\"query-input\":{\"@type\":\"PropertyValueSpecification\",\"valueRequired\":true,\"valueName\":\"search_term_string\"}}],\"inLanguage\":\"de\"}]}<\/script>\n<!-- \/ Yoast SEO plugin. -->","yoast_head_json":{"title":"Insel Elba, Hotel da Italo, Seccheto","description":"Insel Elba ist die drittgr\u00f6\u00dfte Insel Italiens und die gr\u00f6\u00dfte der 7 Inseln des toskanischen Archipels, zu dem sie geh\u00f6rt. Einige Bereiche geh\u00f6ren zum Nationalpark des toskanischen Archipels, der einen nat\u00fcrlichen und l\u00e4ndlichen Aspekt f\u00fcr diese nicht besonders zementierte und urbanisierte Region bewahrt und garantiert.","robots":{"index":"index","follow":"follow","max-snippet":"max-snippet:-1","max-image-preview":"max-image-preview:large","max-video-preview":"max-video-preview:-1"},"canonical":"https:\/\/www.hoteldaitalo.it\/de\/lage\/insel-elba\/","og_locale":"de_DE","og_type":"article","og_title":"Insel Elba, Hotel da Italo, Seccheto","og_description":"Insel Elba ist die drittgr\u00f6\u00dfte Insel Italiens und die gr\u00f6\u00dfte der 7 Inseln des toskanischen Archipels, zu dem sie geh\u00f6rt. Einige Bereiche geh\u00f6ren zum Nationalpark des toskanischen Archipels, der einen nat\u00fcrlichen und l\u00e4ndlichen Aspekt f\u00fcr diese nicht besonders zementierte und urbanisierte Region bewahrt und garantiert.","og_url":"https:\/\/www.hoteldaitalo.it\/de\/lage\/insel-elba\/","og_site_name":"Hotel da Italo","article_publisher":"https:\/\/www.facebook.com\/hoteldaitalo.it\/","article_modified_time":"2018-03-06T16:05:12+00:00","og_image":[{"width":1600,"height":974,"url":"https:\/\/www.hoteldaitalo.it\/wp-content\/uploads\/header_home_01.jpg","type":"image\/jpeg"}],"twitter_card":"summary_large_image","twitter_misc":{"Gesch\u00e4tzte Lesezeit":"2\u00a0Minuten"},"schema":{"@context":"https:\/\/schema.org","@graph":[{"@type":"WebPage","@id":"https:\/\/www.hoteldaitalo.it\/de\/lage\/insel-elba\/","url":"https:\/\/www.hoteldaitalo.it\/de\/lage\/insel-elba\/","name":"Insel Elba, Hotel da Italo, Seccheto","isPartOf":{"@id":"https:\/\/www.hoteldaitalo.it\/de\/#website"},"datePublished":"2018-02-14T13:07:28+00:00","dateModified":"2018-03-06T16:05:12+00:00","description":"Insel Elba ist die drittgr\u00f6\u00dfte Insel Italiens und die gr\u00f6\u00dfte der 7 Inseln des toskanischen Archipels, zu dem sie geh\u00f6rt. Einige Bereiche geh\u00f6ren zum Nationalpark des toskanischen Archipels, der einen nat\u00fcrlichen und l\u00e4ndlichen Aspekt f\u00fcr diese nicht besonders zementierte und urbanisierte Region bewahrt und garantiert.","breadcrumb":{"@id":"https:\/\/www.hoteldaitalo.it\/de\/lage\/insel-elba\/#breadcrumb"},"inLanguage":"de","potentialAction":[{"@type":"ReadAction","target":["https:\/\/www.hoteldaitalo.it\/de\/lage\/insel-elba\/"]}]},{"@type":"BreadcrumbList","@id":"https:\/\/www.hoteldaitalo.it\/de\/lage\/insel-elba\/#breadcrumb","itemListElement":[{"@type":"ListItem","position":1,"name":"Home","item":"https:\/\/www.hoteldaitalo.it\/de\/"},{"@type":"ListItem","position":2,"name":"Lage","item":"https:\/\/www.hoteldaitalo.it\/de\/lage\/"},{"@type":"ListItem","position":3,"name":"Insel Elba"}]},{"@type":"WebSite","@id":"https:\/\/www.hoteldaitalo.it\/de\/#website","url":"https:\/\/www.hoteldaitalo.it\/de\/","name":"Hotel da Italo","description":"Hotel a Secchetto all&#039;Isola d&#039;Elba","potentialAction":[{"@type":"SearchAction","target":{"@type":"EntryPoint","urlTemplate":"https:\/\/www.hoteldaitalo.it\/de\/?s={search_term_string}"},"query-input":{"@type":"PropertyValueSpecification","valueRequired":true,"valueName":"search_term_string"}}],"inLanguage":"de"}]}},"_links":{"self":[{"href":"https:\/\/www.hoteldaitalo.it\/de\/wp-json\/wp\/v2\/pages\/3979","targetHints":{"allow":["GET"]}}],"collection":[{"href":"https:\/\/www.hoteldaitalo.it\/de\/wp-json\/wp\/v2\/pages"}],"about":[{"href":"https:\/\/www.hoteldaitalo.it\/de\/wp-json\/wp\/v2\/types\/page"}],"author":[{"embeddable":true,"href":"https:\/\/www.hoteldaitalo.it\/de\/wp-json\/wp\/v2\/users\/1"}],"replies":[{"embeddable":true,"href":"https:\/\/www.hoteldaitalo.it\/de\/wp-json\/wp\/v2\/comments?post=3979"}],"version-history":[{"count":3,"href":"https:\/\/www.hoteldaitalo.it\/de\/wp-json\/wp\/v2\/pages\/3979\/revisions"}],"predecessor-version":[{"id":3982,"href":"https:\/\/www.hoteldaitalo.it\/de\/wp-json\/wp\/v2\/pages\/3979\/revisions\/3982"}],"up":[{"embeddable":true,"href":"https:\/\/www.hoteldaitalo.it\/de\/wp-json\/wp\/v2\/pages\/3959"}],"wp:attachment":[{"href":"https:\/\/www.hoteldaitalo.it\/de\/wp-json\/wp\/v2\/media?parent=3979"}],"curies":[{"name":"wp","href":"https:\/\/api.w.org\/{rel}","templated":true}]}}