{"id":3990,"date":"2018-03-02T17:01:34","date_gmt":"2018-03-02T16:01:34","guid":{"rendered":"http:\/\/www.hoteldaitalo.it\/lage\/costa-del-sole\/"},"modified":"2018-03-09T09:06:08","modified_gmt":"2018-03-09T08:06:08","slug":"costa-del-sole","status":"publish","type":"page","link":"https:\/\/www.hoteldaitalo.it\/de\/lage\/costa-del-sole\/","title":{"rendered":"Costa del Sole"},"content":{"rendered":"<div id=\"pl-3990\"  class=\"panel-layout\" ><div id=\"pg-3990-0\"  class=\"panel-grid panel-has-style\" ><div class=\"siteorigin-panels-stretch panel-row-style panel-row-style-for-3990-0\" data-stretch-type=\"full\" ><div id=\"pgc-3990-0-0\"  class=\"panel-grid-cell\" ><div id=\"panel-3990-0-0-0\" class=\"so-panel widget widget_black-studio-tinymce widget_black_studio_tinymce panel-first-child panel-last-child\" data-index=\"0\" ><div class=\"panel-widget-style panel-widget-style-for-3990-0-0-0\" ><div class=\"textwidget\"><span><span><a href=\"https:\/\/www.hoteldaitalo.it\/de\/\">Home<\/a><\/span><\/span><\/div><\/div><\/div><\/div><\/div><\/div><div id=\"pg-3990-1\"  class=\"panel-grid panel-no-style\" ><div id=\"pgc-3990-1-0\"  class=\"panel-grid-cell\" ><div id=\"panel-3990-1-0-0\" class=\"so-panel widget widget_heading panel-first-child\" data-index=\"1\" ><div class=\"thim-widget-heading thim-widget-heading-base\"><div class=\"sc-heading article_heading wrapper-line-heading\"><h3 class=\"heading__primary\">Costa del Sole<\/h3><span class=\"line-heading\"><span><\/span><\/span><\/div><\/div><\/div><div id=\"panel-3990-1-0-1\" class=\"so-panel widget widget_black-studio-tinymce widget_black_studio_tinymce panel-last-child\" data-index=\"2\" ><div class=\"textwidget\"><p><img loading=\"lazy\" decoding=\"async\" src=\"https:\/\/www.hoteldaitalo.it\/wp-content\/uploads\/logo-costa-del-sole-300x202.png\" alt=\"Costa del Sole\" width=\"300\" height=\"202\" class=\"alignright size-medium wp-image-3878\" srcset=\"https:\/\/www.hoteldaitalo.it\/wp-content\/uploads\/logo-costa-del-sole-300x202.png 300w, https:\/\/www.hoteldaitalo.it\/wp-content\/uploads\/logo-costa-del-sole-272x182.png 272w, https:\/\/www.hoteldaitalo.it\/wp-content\/uploads\/logo-costa-del-sole.png 500w\" sizes=\"auto, (max-width: 300px) 100vw, 300px\" \/>Das Hotel da italo befindet sich im Herzen der ber\u00fchmten Costa del Sole, in der Tat liegt das Dorf Seccheto, mit Blick auf die Westk\u00fcste von Elba, im Zentrum dieses sch\u00f6nen und sonnigen Abschnitts der K\u00fcste von der Insel Elba.<\/p>\n<p>Costa del Sole bedeutet \"K\u00fcste der Sonne\", welcher nat\u00fcrlich auf die realistische Begebenheit der K\u00fcste hinweist. Die viele Sonne und W\u00e4rme tragen dazu bei das sich in diesem Gebiet viele Fr\u00fchlingsblumen, Zitronen, Orangen und sogar Bananenb\u00e4ume wohl f\u00fchlen.<\/p>\n<p>Die Costa del Sole verf\u00fcgt \u00fcber die sch\u00f6nsten und bekanntesten Str\u00e4nde von Elba, in der Tat k\u00f6nnen Sie von unserem Hotel aus in f\u00fcnf Minuten die nahen Sandstr\u00e4nde von Cavoli und Fetovaia erreichen, oder machen Sie einen wundersch\u00f6nen Tauchgang zum 15 Meter tief liegenden Wrack \"Elviscott\" am Kiesstrand Ogliera.<\/p>\n<p>Neben dem Meer bietet dieser K\u00fcstenabschnitt eine gro\u00dfes Netzwerk an Wanderwegen, die sich kilometerweit erstrecken und atemberaubende Ausblicke bieten. Ideale Routen f\u00fcr Outdoor-Sportarten und besonders in der Nebensaison werden sie besucht von den Liebhabern von Trekking, Nordic Walking und Mountainbiking.<\/p>\n<\/div><\/div><\/div><\/div><div id=\"pg-3990-2\"  class=\"panel-grid panel-has-style\" ><div class=\"thim-gallery-box siteorigin-panels-stretch panel-row-style panel-row-style-for-3990-2\" data-stretch-type=\"full\" ><div id=\"pgc-3990-2-0\"  class=\"panel-grid-cell\" ><div id=\"panel-3990-2-0-0\" class=\"so-panel widget widget_gallery-images panel-first-child panel-last-child\" data-index=\"3\" ><div class=\"panel-widget-style panel-widget-style-for-3990-2-0-0\" ><div class=\"thim-widget-gallery-images thim-widget-gallery-images-base\"><div class=\"thim-gallery-images gallery-img \"><div class=\"item\"><img src =\"https:\/\/www.hoteldaitalo.it\/wp-content\/uploads\/gallery_costadelsole_01-1024x683.jpg\" width=\"1024\" height=\"683\" alt= \"Costa del Sole\" \/><\/div><div class=\"item\"><img src =\"https:\/\/www.hoteldaitalo.it\/wp-content\/uploads\/gallery_costadelsole_02-1024x683.jpg\" width=\"1024\" height=\"683\" alt= \"Costa del Sole\" \/><\/div><div class=\"item\"><img src =\"https:\/\/www.hoteldaitalo.it\/wp-content\/uploads\/gallery_costadelsole_03-1024x683.jpg\" width=\"1024\" height=\"683\" alt= \"Costa del Sole\" \/><\/div><div class=\"item\"><img src =\"https:\/\/www.hoteldaitalo.it\/wp-content\/uploads\/gallery_costadelsole_04-1024x683.jpg\" width=\"1024\" height=\"683\" alt= \"Costa del Sole\" \/><\/div><\/div><\/div><\/div><\/div><\/div><\/div><\/div><\/div>","protected":false},"excerpt":{"rendered":"<p>Das Hotel da italo befindet sich im Herzen der ber\u00fchmten Costa del Sole, in der Tat liegt das Dorf Seccheto, [&hellip;]<\/p>\n","protected":false},"author":1,"featured_media":0,"parent":3959,"menu_order":3,"comment_status":"closed","ping_status":"closed","template":"","meta":{"_joinchat":[],"footnotes":""},"class_list":["post-3990","page","type-page","status-publish","hentry"],"yoast_head":"<!-- This site is optimized with the Yoast SEO plugin v24.0 - https:\/\/yoast.com\/wordpress\/plugins\/seo\/ -->\n<title>Costa del Sole, Hotel da Italo, Seccheto, Insel Elba<\/title>\n<meta name=\"description\" content=\"Das Hotel da italo befindet sich im Herzen der ber\u00fchmten Costa del Sole, in der Tat liegt das Dorf Seccheto, mit Blick auf die Westk\u00fcste von Elba, im Zentrum dieses sch\u00f6nen und sonnigen Abschnitts der K\u00fcste von der Insel Elba.\" \/>\n<meta name=\"robots\" content=\"index, follow, max-snippet:-1, max-image-preview:large, max-video-preview:-1\" \/>\n<link rel=\"canonical\" href=\"https:\/\/www.hoteldaitalo.it\/de\/lage\/costa-del-sole\/\" \/>\n<meta property=\"og:locale\" content=\"de_DE\" \/>\n<meta property=\"og:type\" content=\"article\" \/>\n<meta property=\"og:title\" content=\"Costa del Sole, Hotel da Italo, Seccheto, Insel Elba\" \/>\n<meta property=\"og:description\" content=\"Das Hotel da italo befindet sich im Herzen der ber\u00fchmten Costa del Sole, in der Tat liegt das Dorf Seccheto, mit Blick auf die Westk\u00fcste von Elba, im Zentrum dieses sch\u00f6nen und sonnigen Abschnitts der K\u00fcste von der Insel Elba.\" \/>\n<meta property=\"og:url\" content=\"https:\/\/www.hoteldaitalo.it\/de\/lage\/costa-del-sole\/\" \/>\n<meta property=\"og:site_name\" content=\"Hotel da Italo\" \/>\n<meta property=\"article:publisher\" content=\"https:\/\/www.facebook.com\/hoteldaitalo.it\/\" \/>\n<meta property=\"article:modified_time\" content=\"2018-03-09T08:06:08+00:00\" \/>\n<meta property=\"og:image\" content=\"https:\/\/www.hoteldaitalo.it\/wp-content\/uploads\/logo-costa-del-sole-300x202.png\" \/>\n<meta name=\"twitter:card\" content=\"summary_large_image\" \/>\n<meta name=\"twitter:label1\" content=\"Gesch\u00e4tzte Lesezeit\" \/>\n\t<meta name=\"twitter:data1\" content=\"1\u00a0Minute\" \/>\n<script type=\"application\/ld+json\" class=\"yoast-schema-graph\">{\"@context\":\"https:\/\/schema.org\",\"@graph\":[{\"@type\":\"WebPage\",\"@id\":\"https:\/\/www.hoteldaitalo.it\/de\/lage\/costa-del-sole\/\",\"url\":\"https:\/\/www.hoteldaitalo.it\/de\/lage\/costa-del-sole\/\",\"name\":\"Costa del Sole, Hotel da Italo, Seccheto, Insel Elba\",\"isPartOf\":{\"@id\":\"https:\/\/www.hoteldaitalo.it\/de\/#website\"},\"primaryImageOfPage\":{\"@id\":\"https:\/\/www.hoteldaitalo.it\/de\/lage\/costa-del-sole\/#primaryimage\"},\"image\":{\"@id\":\"https:\/\/www.hoteldaitalo.it\/de\/lage\/costa-del-sole\/#primaryimage\"},\"thumbnailUrl\":\"https:\/\/www.hoteldaitalo.it\/wp-content\/uploads\/logo-costa-del-sole-300x202.png\",\"datePublished\":\"2018-03-02T16:01:34+00:00\",\"dateModified\":\"2018-03-09T08:06:08+00:00\",\"description\":\"Das Hotel da italo befindet sich im Herzen der ber\u00fchmten Costa del Sole, in der Tat liegt das Dorf Seccheto, mit Blick auf die Westk\u00fcste von Elba, im Zentrum dieses sch\u00f6nen und sonnigen Abschnitts der K\u00fcste von der Insel Elba.\",\"breadcrumb\":{\"@id\":\"https:\/\/www.hoteldaitalo.it\/de\/lage\/costa-del-sole\/#breadcrumb\"},\"inLanguage\":\"de\",\"potentialAction\":[{\"@type\":\"ReadAction\",\"target\":[\"https:\/\/www.hoteldaitalo.it\/de\/lage\/costa-del-sole\/\"]}]},{\"@type\":\"ImageObject\",\"inLanguage\":\"de\",\"@id\":\"https:\/\/www.hoteldaitalo.it\/de\/lage\/costa-del-sole\/#primaryimage\",\"url\":\"https:\/\/www.hoteldaitalo.it\/wp-content\/uploads\/logo-costa-del-sole-300x202.png\",\"contentUrl\":\"https:\/\/www.hoteldaitalo.it\/wp-content\/uploads\/logo-costa-del-sole-300x202.png\"},{\"@type\":\"BreadcrumbList\",\"@id\":\"https:\/\/www.hoteldaitalo.it\/de\/lage\/costa-del-sole\/#breadcrumb\",\"itemListElement\":[{\"@type\":\"ListItem\",\"position\":1,\"name\":\"Home\",\"item\":\"https:\/\/www.hoteldaitalo.it\/de\/\"},{\"@type\":\"ListItem\",\"position\":2,\"name\":\"Lage\",\"item\":\"https:\/\/www.hoteldaitalo.it\/de\/lage\/\"},{\"@type\":\"ListItem\",\"position\":3,\"name\":\"Costa del Sole\"}]},{\"@type\":\"WebSite\",\"@id\":\"https:\/\/www.hoteldaitalo.it\/de\/#website\",\"url\":\"https:\/\/www.hoteldaitalo.it\/de\/\",\"name\":\"Hotel da Italo\",\"description\":\"Hotel a Secchetto all&#039;Isola d&#039;Elba\",\"potentialAction\":[{\"@type\":\"SearchAction\",\"target\":{\"@type\":\"EntryPoint\",\"urlTemplate\":\"https:\/\/www.hoteldaitalo.it\/de\/?s={search_term_string}\"},\"query-input\":{\"@type\":\"PropertyValueSpecification\",\"valueRequired\":true,\"valueName\":\"search_term_string\"}}],\"inLanguage\":\"de\"}]}<\/script>\n<!-- \/ Yoast SEO plugin. -->","yoast_head_json":{"title":"Costa del Sole, Hotel da Italo, Seccheto, Insel Elba","description":"Das Hotel da italo befindet sich im Herzen der ber\u00fchmten Costa del Sole, in der Tat liegt das Dorf Seccheto, mit Blick auf die Westk\u00fcste von Elba, im Zentrum dieses sch\u00f6nen und sonnigen Abschnitts der K\u00fcste von der Insel Elba.","robots":{"index":"index","follow":"follow","max-snippet":"max-snippet:-1","max-image-preview":"max-image-preview:large","max-video-preview":"max-video-preview:-1"},"canonical":"https:\/\/www.hoteldaitalo.it\/de\/lage\/costa-del-sole\/","og_locale":"de_DE","og_type":"article","og_title":"Costa del Sole, Hotel da Italo, Seccheto, Insel Elba","og_description":"Das Hotel da italo befindet sich im Herzen der ber\u00fchmten Costa del Sole, in der Tat liegt das Dorf Seccheto, mit Blick auf die Westk\u00fcste von Elba, im Zentrum dieses sch\u00f6nen und sonnigen Abschnitts der K\u00fcste von der Insel Elba.","og_url":"https:\/\/www.hoteldaitalo.it\/de\/lage\/costa-del-sole\/","og_site_name":"Hotel da Italo","article_publisher":"https:\/\/www.facebook.com\/hoteldaitalo.it\/","article_modified_time":"2018-03-09T08:06:08+00:00","og_image":[{"url":"https:\/\/www.hoteldaitalo.it\/wp-content\/uploads\/logo-costa-del-sole-300x202.png","type":"","width":"","height":""}],"twitter_card":"summary_large_image","twitter_misc":{"Gesch\u00e4tzte Lesezeit":"1\u00a0Minute"},"schema":{"@context":"https:\/\/schema.org","@graph":[{"@type":"WebPage","@id":"https:\/\/www.hoteldaitalo.it\/de\/lage\/costa-del-sole\/","url":"https:\/\/www.hoteldaitalo.it\/de\/lage\/costa-del-sole\/","name":"Costa del Sole, Hotel da Italo, Seccheto, Insel Elba","isPartOf":{"@id":"https:\/\/www.hoteldaitalo.it\/de\/#website"},"primaryImageOfPage":{"@id":"https:\/\/www.hoteldaitalo.it\/de\/lage\/costa-del-sole\/#primaryimage"},"image":{"@id":"https:\/\/www.hoteldaitalo.it\/de\/lage\/costa-del-sole\/#primaryimage"},"thumbnailUrl":"https:\/\/www.hoteldaitalo.it\/wp-content\/uploads\/logo-costa-del-sole-300x202.png","datePublished":"2018-03-02T16:01:34+00:00","dateModified":"2018-03-09T08:06:08+00:00","description":"Das Hotel da italo befindet sich im Herzen der ber\u00fchmten Costa del Sole, in der Tat liegt das Dorf Seccheto, mit Blick auf die Westk\u00fcste von Elba, im Zentrum dieses sch\u00f6nen und sonnigen Abschnitts der K\u00fcste von der Insel Elba.","breadcrumb":{"@id":"https:\/\/www.hoteldaitalo.it\/de\/lage\/costa-del-sole\/#breadcrumb"},"inLanguage":"de","potentialAction":[{"@type":"ReadAction","target":["https:\/\/www.hoteldaitalo.it\/de\/lage\/costa-del-sole\/"]}]},{"@type":"ImageObject","inLanguage":"de","@id":"https:\/\/www.hoteldaitalo.it\/de\/lage\/costa-del-sole\/#primaryimage","url":"https:\/\/www.hoteldaitalo.it\/wp-content\/uploads\/logo-costa-del-sole-300x202.png","contentUrl":"https:\/\/www.hoteldaitalo.it\/wp-content\/uploads\/logo-costa-del-sole-300x202.png"},{"@type":"BreadcrumbList","@id":"https:\/\/www.hoteldaitalo.it\/de\/lage\/costa-del-sole\/#breadcrumb","itemListElement":[{"@type":"ListItem","position":1,"name":"Home","item":"https:\/\/www.hoteldaitalo.it\/de\/"},{"@type":"ListItem","position":2,"name":"Lage","item":"https:\/\/www.hoteldaitalo.it\/de\/lage\/"},{"@type":"ListItem","position":3,"name":"Costa del Sole"}]},{"@type":"WebSite","@id":"https:\/\/www.hoteldaitalo.it\/de\/#website","url":"https:\/\/www.hoteldaitalo.it\/de\/","name":"Hotel da Italo","description":"Hotel a Secchetto all&#039;Isola d&#039;Elba","potentialAction":[{"@type":"SearchAction","target":{"@type":"EntryPoint","urlTemplate":"https:\/\/www.hoteldaitalo.it\/de\/?s={search_term_string}"},"query-input":{"@type":"PropertyValueSpecification","valueRequired":true,"valueName":"search_term_string"}}],"inLanguage":"de"}]}},"_links":{"self":[{"href":"https:\/\/www.hoteldaitalo.it\/de\/wp-json\/wp\/v2\/pages\/3990","targetHints":{"allow":["GET"]}}],"collection":[{"href":"https:\/\/www.hoteldaitalo.it\/de\/wp-json\/wp\/v2\/pages"}],"about":[{"href":"https:\/\/www.hoteldaitalo.it\/de\/wp-json\/wp\/v2\/types\/page"}],"author":[{"embeddable":true,"href":"https:\/\/www.hoteldaitalo.it\/de\/wp-json\/wp\/v2\/users\/1"}],"replies":[{"embeddable":true,"href":"https:\/\/www.hoteldaitalo.it\/de\/wp-json\/wp\/v2\/comments?post=3990"}],"version-history":[{"count":5,"href":"https:\/\/www.hoteldaitalo.it\/de\/wp-json\/wp\/v2\/pages\/3990\/revisions"}],"predecessor-version":[{"id":4166,"href":"https:\/\/www.hoteldaitalo.it\/de\/wp-json\/wp\/v2\/pages\/3990\/revisions\/4166"}],"up":[{"embeddable":true,"href":"https:\/\/www.hoteldaitalo.it\/de\/wp-json\/wp\/v2\/pages\/3959"}],"wp:attachment":[{"href":"https:\/\/www.hoteldaitalo.it\/de\/wp-json\/wp\/v2\/media?parent=3990"}],"curies":[{"name":"wp","href":"https:\/\/api.w.org\/{rel}","templated":true}]}}